{"id":8376,"date":"2026-01-21T11:50:15","date_gmt":"2026-01-21T11:50:15","guid":{"rendered":"https:\/\/memeder.org\/psikolojik-destek\/"},"modified":"2026-02-11T11:55:21","modified_gmt":"2026-02-11T11:55:21","slug":"psychological-support","status":"publish","type":"page","link":"https:\/\/memeder.org\/en\/psychological-support\/","title":{"rendered":"Psychological Support"},"content":{"rendered":"\t\t<div data-elementor-type=\"wp-page\" data-elementor-id=\"8376\" class=\"elementor elementor-8376 elementor-6071\">\n\t\t\t\t\t\t<section class=\"elementor-section elementor-top-section elementor-element elementor-element-d4f2f7e elementor-section-boxed elementor-section-height-default elementor-section-height-default\" data-id=\"d4f2f7e\" data-element_type=\"section\" data-e-type=\"section\">\n\t\t\t\t\t\t<div class=\"elementor-container elementor-column-gap-default\">\n\t\t\t\t\t<div class=\"elementor-column elementor-col-100 elementor-top-column elementor-element elementor-element-b5f93d0\" data-id=\"b5f93d0\" data-element_type=\"column\" data-e-type=\"column\">\n\t\t\t<div class=\"elementor-widget-wrap elementor-element-populated\">\n\t\t\t\t\t\t<div class=\"elementor-element elementor-element-739aaeb yonetim-kurulu-baslik-space elementor-widget elementor-widget-spacer\" data-id=\"739aaeb\" data-element_type=\"widget\" data-e-type=\"widget\" data-widget_type=\"spacer.default\">\n\t\t\t\t\t\t\t<div class=\"elementor-spacer\">\n\t\t\t<div class=\"elementor-spacer-inner\"><\/div>\n\t\t<\/div>\n\t\t\t\t\t\t<\/div>\n\t\t\t\t<div class=\"elementor-element elementor-element-b1b7db5 acenter divider-yes elementor-widget elementor-widget-wgl-double-heading\" data-id=\"b1b7db5\" data-element_type=\"widget\" data-e-type=\"widget\" data-widget_type=\"wgl-double-heading.default\">\n\t\t\t\t<div class=\"elementor-widget-container\">\n\t\t\t\t\t<div class=\"wgl-double-heading\"><div class=\"dblh__divider\"><\/div><h1 class=\"dblh__title-wrapper\"><span class=\"dblh__title dblh__title-1\">Psychological \n<\/span><span class=\"dblh__title dblh__title-2\">Support<\/span><\/h1><\/div>\t\t\t\t<\/div>\n\t\t\t\t<\/div>\n\t\t\t\t<div class=\"elementor-element elementor-element-9b296e7 yonetim-kurulu-baslik-space elementor-widget elementor-widget-spacer\" data-id=\"9b296e7\" data-element_type=\"widget\" data-e-type=\"widget\" data-widget_type=\"spacer.default\">\n\t\t\t\t\t\t\t<div class=\"elementor-spacer\">\n\t\t\t<div class=\"elementor-spacer-inner\"><\/div>\n\t\t<\/div>\n\t\t\t\t\t\t<\/div>\n\t\t\t\t<div class=\"elementor-element elementor-element-1110b6e nav-left elementor-widget elementor-widget-wgl-blog\" data-id=\"1110b6e\" data-element_type=\"widget\" data-e-type=\"widget\" data-settings=\"{&quot;blog_columns&quot;:&quot;4&quot;}\" data-widget_type=\"wgl-blog.default\">\n\t\t\t\t<div class=\"elementor-widget-container\">\n\t\t\t\t\t<section class=\"wgl_cpt_section\"><div class=\"blog-posts\"><div class=\"container-grid row blog_columns-3 grid blog-style-standard\">    <div class=\"item wgl_col-4\">\r\n    <div class=\"blog-post format-standard format-no_featured format-standard hide_media\">\r\n    <div class=\"blog-post_wrapper\">    <div class=\"blog-post_content\"><div class=\"post_meta-wrap\"><\/div><h2 class=\"blog-post_title\"><a href=\"https:\/\/memeder.org\/en\/the-first-encounter-with-the-diagnosis-a-period-of-crisis\/\">The First Encounter with the Diagnosis; A Period of Crisis<\/a><\/h2><div class=\"clear\"><\/div><div class=\"blog-post_footer\">            <div class=\"read-more-wrap\">\r\n                <a href=\"https:\/\/memeder.org\/en\/the-first-encounter-with-the-diagnosis-a-period-of-crisis\/\" class=\"button-read-more\">\r\n                <span>Read More<\/span>\r\n                <i class=\"flaticon flaticon-long-next\"><\/i>\r\n                <\/a>\r\n            <\/div>    <\/div>\r\n    <\/div>\r\n    <\/div>\r\n    <\/div>\r\n    <\/div>    <div class=\"item wgl_col-4\">\r\n    <div class=\"blog-post format-standard format-no_featured format-standard hide_media\">\r\n    <div class=\"blog-post_wrapper\">    <div class=\"blog-post_content\"><div class=\"post_meta-wrap\"><\/div><h2 class=\"blog-post_title\"><a href=\"https:\/\/memeder.org\/en\/is-a-psychiatric-approach-necessary-for-a-patient-with-breast-cancer\/\">Is a psychiatric approach necessary for a patient with breast cancer?<\/a><\/h2><div class=\"clear\"><\/div><div class=\"blog-post_footer\">            <div class=\"read-more-wrap\">\r\n                <a href=\"https:\/\/memeder.org\/en\/is-a-psychiatric-approach-necessary-for-a-patient-with-breast-cancer\/\" class=\"button-read-more\">\r\n                <span>Read More<\/span>\r\n                <i class=\"flaticon flaticon-long-next\"><\/i>\r\n                <\/a>\r\n            <\/div>    <\/div>\r\n    <\/div>\r\n    <\/div>\r\n    <\/div>\r\n    <\/div>    <div class=\"item wgl_col-4\">\r\n    <div class=\"blog-post format-standard format-no_featured format-standard hide_media\">\r\n    <div class=\"blog-post_wrapper\">    <div class=\"blog-post_content\"><div class=\"post_meta-wrap\"><\/div><h2 class=\"blog-post_title\"><a href=\"https:\/\/memeder.org\/en\/fears-experienced-by-a-person-diagnosed-with-breast-cancer\/\">Fears Experienced by a Person Diagnosed with Breast Cancer<\/a><\/h2><div class=\"clear\"><\/div><div class=\"blog-post_footer\">            <div class=\"read-more-wrap\">\r\n                <a href=\"https:\/\/memeder.org\/en\/fears-experienced-by-a-person-diagnosed-with-breast-cancer\/\" class=\"button-read-more\">\r\n                <span>Read More<\/span>\r\n                <i class=\"flaticon flaticon-long-next\"><\/i>\r\n                <\/a>\r\n            <\/div>    <\/div>\r\n    <\/div>\r\n    <\/div>\r\n    <\/div>\r\n    <\/div>    <div class=\"item wgl_col-4\">\r\n    <div class=\"blog-post format-standard format-no_featured format-standard hide_media\">\r\n    <div class=\"blog-post_wrapper\">    <div class=\"blog-post_content\"><div class=\"post_meta-wrap\"><\/div><h2 class=\"blog-post_title\"><a href=\"https:\/\/memeder.org\/en\/stages-of-patients-with-breast-cancer\/\">Stages of Patients with Breast Cancer<\/a><\/h2><div class=\"clear\"><\/div><div class=\"blog-post_footer\">            <div class=\"read-more-wrap\">\r\n                <a href=\"https:\/\/memeder.org\/en\/stages-of-patients-with-breast-cancer\/\" class=\"button-read-more\">\r\n                <span>Read More<\/span>\r\n                <i class=\"flaticon flaticon-long-next\"><\/i>\r\n                <\/a>\r\n            <\/div>    <\/div>\r\n    <\/div>\r\n    <\/div>\r\n    <\/div>\r\n    <\/div>    <div class=\"item wgl_col-4\">\r\n    <div class=\"blog-post format-standard format-no_featured format-standard hide_media\">\r\n    <div class=\"blog-post_wrapper\">    <div class=\"blog-post_content\"><div class=\"post_meta-wrap\"><\/div><h2 class=\"blog-post_title\"><a href=\"https:\/\/memeder.org\/en\/can-breast-reconstruction-help-a-woman-regain-her-lost-self-confidence\/\">Can breast reconstruction help a woman regain her lost self-confidence?<\/a><\/h2><div class=\"clear\"><\/div><div class=\"blog-post_footer\">            <div class=\"read-more-wrap\">\r\n                <a href=\"https:\/\/memeder.org\/en\/can-breast-reconstruction-help-a-woman-regain-her-lost-self-confidence\/\" class=\"button-read-more\">\r\n                <span>Read More<\/span>\r\n                <i class=\"flaticon flaticon-long-next\"><\/i>\r\n                <\/a>\r\n            <\/div>    <\/div>\r\n    <\/div>\r\n    <\/div>\r\n    <\/div>\r\n    <\/div>    <div class=\"item wgl_col-4\">\r\n    <div class=\"blog-post format-standard format-no_featured format-standard hide_media\">\r\n    <div class=\"blog-post_wrapper\">    <div class=\"blog-post_content\"><div class=\"post_meta-wrap\"><\/div><h2 class=\"blog-post_title\"><a href=\"https:\/\/memeder.org\/en\/the-importance-of-the-breast-for-women\/\">The Importance of the Breast for Women<\/a><\/h2><div class=\"clear\"><\/div><div class=\"blog-post_footer\">            <div class=\"read-more-wrap\">\r\n                <a href=\"https:\/\/memeder.org\/en\/the-importance-of-the-breast-for-women\/\" class=\"button-read-more\">\r\n                <span>Read More<\/span>\r\n                <i class=\"flaticon flaticon-long-next\"><\/i>\r\n                <\/a>\r\n            <\/div>    <\/div>\r\n    <\/div>\r\n    <\/div>\r\n    <\/div>\r\n    <\/div>    <div class=\"item wgl_col-4\">\r\n    <div class=\"blog-post format-standard format-no_featured format-standard hide_media\">\r\n    <div class=\"blog-post_wrapper\">    <div class=\"blog-post_content\"><div class=\"post_meta-wrap\"><\/div><h2 class=\"blog-post_title\"><a href=\"https:\/\/memeder.org\/en\/mental-disorders-seen-in-mastectomy-patients\/\">Mental Disorders Seen in Mastectomy Patients<\/a><\/h2><div class=\"clear\"><\/div><div class=\"blog-post_footer\">            <div class=\"read-more-wrap\">\r\n                <a href=\"https:\/\/memeder.org\/en\/mental-disorders-seen-in-mastectomy-patients\/\" class=\"button-read-more\">\r\n                <span>Read More<\/span>\r\n                <i class=\"flaticon flaticon-long-next\"><\/i>\r\n                <\/a>\r\n            <\/div>    <\/div>\r\n    <\/div>\r\n    <\/div>\r\n    <\/div>\r\n    <\/div>    <div class=\"item wgl_col-4\">\r\n    <div class=\"blog-post format-standard format-no_featured format-standard hide_media\">\r\n    <div class=\"blog-post_wrapper\">    <div class=\"blog-post_content\"><div class=\"post_meta-wrap\"><\/div><h2 class=\"blog-post_title\"><a href=\"https:\/\/memeder.org\/en\/mastectomy-and-sexuality\/\">Mastectomy and Sexuality<\/a><\/h2><div class=\"clear\"><\/div><div class=\"blog-post_footer\">            <div class=\"read-more-wrap\">\r\n                <a href=\"https:\/\/memeder.org\/en\/mastectomy-and-sexuality\/\" class=\"button-read-more\">\r\n                <span>Read More<\/span>\r\n                <i class=\"flaticon flaticon-long-next\"><\/i>\r\n                <\/a>\r\n            <\/div>    <\/div>\r\n    <\/div>\r\n    <\/div>\r\n    <\/div>\r\n    <\/div>    <div class=\"item wgl_col-4\">\r\n    <div class=\"blog-post format-standard format-no_featured format-standard hide_media\">\r\n    <div class=\"blog-post_wrapper\">    <div class=\"blog-post_content\"><div class=\"post_meta-wrap\"><\/div><h2 class=\"blog-post_title\"><a href=\"https:\/\/memeder.org\/en\/cancer-patient-and-family\/\">Cancer Patient and Family<\/a><\/h2><div class=\"clear\"><\/div><div class=\"blog-post_footer\">            <div class=\"read-more-wrap\">\r\n                <a href=\"https:\/\/memeder.org\/en\/cancer-patient-and-family\/\" class=\"button-read-more\">\r\n                <span>Read More<\/span>\r\n                <i class=\"flaticon flaticon-long-next\"><\/i>\r\n                <\/a>\r\n            <\/div>    <\/div>\r\n    <\/div>\r\n    <\/div>\r\n    <\/div>\r\n    <\/div><\/div><\/div><\/section>\t\t\t\t<\/div>\n\t\t\t\t<\/div>\n\t\t\t\t<div class=\"elementor-element elementor-element-17f6297 elementor-widget elementor-widget-spacer\" data-id=\"17f6297\" data-element_type=\"widget\" data-e-type=\"widget\" data-widget_type=\"spacer.default\">\n\t\t\t\t\t\t\t<div class=\"elementor-spacer\">\n\t\t\t<div class=\"elementor-spacer-inner\"><\/div>\n\t\t<\/div>\n\t\t\t\t\t\t<\/div>\n\t\t\t\t\t<\/div>\n\t\t<\/div>\n\t\t\t\t\t<\/div>\n\t\t<\/section>\n\t\t\t\t<\/div>\n\t\t","protected":false},"excerpt":{"rendered":"<p>Psychological Support The First Encounter with the Diagnosis; A Period of Crisis Read More Is a psychiatric approach necessary for a patient with breast cancer? Read More Fears Experienced by a Person Diagnosed with Breast Cancer Read More Stages of Patients with Breast Cancer Read More Can breast reconstruction help a woman regain her lost [&hellip;]<\/p>\n","protected":false},"author":2,"featured_media":0,"parent":0,"menu_order":0,"comment_status":"closed","ping_status":"closed","template":"","meta":{"footnotes":""},"class_list":["post-8376","page","type-page","status-publish","hentry"],"yoast_head":"<!-- This site is optimized with the Yoast SEO plugin v26.8 - https:\/\/yoast.com\/product\/yoast-seo-wordpress\/ -->\n<title>Psychological Support - Memeder Sa\u011fl\u0131\u011f\u0131 Derne\u011fi<\/title>\n<meta name=\"robots\" content=\"index, follow, max-snippet:-1, max-image-preview:large, max-video-preview:-1\" \/>\n<link rel=\"canonical\" href=\"https:\/\/memeder.org\/en\/psychological-support\/\" \/>\n<meta property=\"og:locale\" content=\"en_US\" \/>\n<meta property=\"og:type\" content=\"article\" \/>\n<meta property=\"og:title\" content=\"Psychological Support - Memeder Sa\u011fl\u0131\u011f\u0131 Derne\u011fi\" \/>\n<meta property=\"og:description\" content=\"Psychological Support The First Encounter with the Diagnosis; A Period of Crisis Read More Is a psychiatric approach necessary for a patient with breast cancer? Read More Fears Experienced by a Person Diagnosed with Breast Cancer Read More Stages of Patients with Breast Cancer Read More Can breast reconstruction help a woman regain her lost [&hellip;]\" \/>\n<meta property=\"og:url\" content=\"https:\/\/memeder.org\/en\/psychological-support\/\" \/>\n<meta property=\"og:site_name\" content=\"Memeder Sa\u011fl\u0131\u011f\u0131 Derne\u011fi\" \/>\n<meta property=\"article:publisher\" content=\"https:\/\/www.facebook.com\/memesagliginelinde\" \/>\n<meta property=\"article:modified_time\" content=\"2026-02-11T11:55:21+00:00\" \/>\n<meta name=\"twitter:card\" content=\"summary_large_image\" \/>\n<meta name=\"twitter:site\" content=\"@memeder\" \/>\n<meta name=\"twitter:label1\" content=\"Est. reading time\" \/>\n\t<meta name=\"twitter:data1\" content=\"1 minute\" \/>\n<script type=\"application\/ld+json\" class=\"yoast-schema-graph\">{\"@context\":\"https:\/\/schema.org\",\"@graph\":[{\"@type\":\"WebPage\",\"@id\":\"https:\/\/memeder.org\/en\/psychological-support\/\",\"url\":\"https:\/\/memeder.org\/en\/psychological-support\/\",\"name\":\"Psychological Support - Memeder Sa\u011fl\u0131\u011f\u0131 Derne\u011fi\",\"isPartOf\":{\"@id\":\"https:\/\/memeder.org\/en\/#website\"},\"datePublished\":\"2026-01-21T11:50:15+00:00\",\"dateModified\":\"2026-02-11T11:55:21+00:00\",\"breadcrumb\":{\"@id\":\"https:\/\/memeder.org\/en\/psychological-support\/#breadcrumb\"},\"inLanguage\":\"en-US\",\"potentialAction\":[{\"@type\":\"ReadAction\",\"target\":[\"https:\/\/memeder.org\/en\/psychological-support\/\"]}]},{\"@type\":\"BreadcrumbList\",\"@id\":\"https:\/\/memeder.org\/en\/psychological-support\/#breadcrumb\",\"itemListElement\":[{\"@type\":\"ListItem\",\"position\":1,\"name\":\"Anasayfa\",\"item\":\"https:\/\/memeder.org\/en\/\"},{\"@type\":\"ListItem\",\"position\":2,\"name\":\"Psychological Support\"}]},{\"@type\":\"WebSite\",\"@id\":\"https:\/\/memeder.org\/en\/#website\",\"url\":\"https:\/\/memeder.org\/en\/\",\"name\":\"Memeder Sa\u011fl\u0131\u011f\u0131 Derne\u011fi\",\"description\":\"\",\"publisher\":{\"@id\":\"https:\/\/memeder.org\/en\/#organization\"},\"potentialAction\":[{\"@type\":\"SearchAction\",\"target\":{\"@type\":\"EntryPoint\",\"urlTemplate\":\"https:\/\/memeder.org\/en\/?s={search_term_string}\"},\"query-input\":{\"@type\":\"PropertyValueSpecification\",\"valueRequired\":true,\"valueName\":\"search_term_string\"}}],\"inLanguage\":\"en-US\"},{\"@type\":\"Organization\",\"@id\":\"https:\/\/memeder.org\/en\/#organization\",\"name\":\"Memeder Sa\u011fl\u0131\u011f\u0131 Derne\u011fi\",\"url\":\"https:\/\/memeder.org\/en\/\",\"logo\":{\"@type\":\"ImageObject\",\"inLanguage\":\"en-US\",\"@id\":\"https:\/\/memeder.org\/en\/#\/schema\/logo\/image\/\",\"url\":\"https:\/\/memeder.org\/wp-content\/uploads\/memeder-og-logo.jpg\",\"contentUrl\":\"https:\/\/memeder.org\/wp-content\/uploads\/memeder-og-logo.jpg\",\"width\":1200,\"height\":636,\"caption\":\"Memeder Sa\u011fl\u0131\u011f\u0131 Derne\u011fi\"},\"image\":{\"@id\":\"https:\/\/memeder.org\/en\/#\/schema\/logo\/image\/\"},\"sameAs\":[\"https:\/\/www.facebook.com\/memesagliginelinde\",\"https:\/\/x.com\/memeder\",\"https:\/\/www.instagram.com\/memeder\/\",\"https:\/\/www.youtube.com\/channel\/UCedFOX-EWymQyXqYuVcuYQQ\"]}]}<\/script>\n<!-- \/ Yoast SEO plugin. -->","yoast_head_json":{"title":"Psychological Support - Memeder Sa\u011fl\u0131\u011f\u0131 Derne\u011fi","robots":{"index":"index","follow":"follow","max-snippet":"max-snippet:-1","max-image-preview":"max-image-preview:large","max-video-preview":"max-video-preview:-1"},"canonical":"https:\/\/memeder.org\/en\/psychological-support\/","og_locale":"en_US","og_type":"article","og_title":"Psychological Support - Memeder Sa\u011fl\u0131\u011f\u0131 Derne\u011fi","og_description":"Psychological Support The First Encounter with the Diagnosis; A Period of Crisis Read More Is a psychiatric approach necessary for a patient with breast cancer? Read More Fears Experienced by a Person Diagnosed with Breast Cancer Read More Stages of Patients with Breast Cancer Read More Can breast reconstruction help a woman regain her lost [&hellip;]","og_url":"https:\/\/memeder.org\/en\/psychological-support\/","og_site_name":"Memeder Sa\u011fl\u0131\u011f\u0131 Derne\u011fi","article_publisher":"https:\/\/www.facebook.com\/memesagliginelinde","article_modified_time":"2026-02-11T11:55:21+00:00","twitter_card":"summary_large_image","twitter_site":"@memeder","twitter_misc":{"Est. reading time":"1 minute"},"schema":{"@context":"https:\/\/schema.org","@graph":[{"@type":"WebPage","@id":"https:\/\/memeder.org\/en\/psychological-support\/","url":"https:\/\/memeder.org\/en\/psychological-support\/","name":"Psychological Support - Memeder Sa\u011fl\u0131\u011f\u0131 Derne\u011fi","isPartOf":{"@id":"https:\/\/memeder.org\/en\/#website"},"datePublished":"2026-01-21T11:50:15+00:00","dateModified":"2026-02-11T11:55:21+00:00","breadcrumb":{"@id":"https:\/\/memeder.org\/en\/psychological-support\/#breadcrumb"},"inLanguage":"en-US","potentialAction":[{"@type":"ReadAction","target":["https:\/\/memeder.org\/en\/psychological-support\/"]}]},{"@type":"BreadcrumbList","@id":"https:\/\/memeder.org\/en\/psychological-support\/#breadcrumb","itemListElement":[{"@type":"ListItem","position":1,"name":"Anasayfa","item":"https:\/\/memeder.org\/en\/"},{"@type":"ListItem","position":2,"name":"Psychological Support"}]},{"@type":"WebSite","@id":"https:\/\/memeder.org\/en\/#website","url":"https:\/\/memeder.org\/en\/","name":"Memeder Sa\u011fl\u0131\u011f\u0131 Derne\u011fi","description":"","publisher":{"@id":"https:\/\/memeder.org\/en\/#organization"},"potentialAction":[{"@type":"SearchAction","target":{"@type":"EntryPoint","urlTemplate":"https:\/\/memeder.org\/en\/?s={search_term_string}"},"query-input":{"@type":"PropertyValueSpecification","valueRequired":true,"valueName":"search_term_string"}}],"inLanguage":"en-US"},{"@type":"Organization","@id":"https:\/\/memeder.org\/en\/#organization","name":"Memeder Sa\u011fl\u0131\u011f\u0131 Derne\u011fi","url":"https:\/\/memeder.org\/en\/","logo":{"@type":"ImageObject","inLanguage":"en-US","@id":"https:\/\/memeder.org\/en\/#\/schema\/logo\/image\/","url":"https:\/\/memeder.org\/wp-content\/uploads\/memeder-og-logo.jpg","contentUrl":"https:\/\/memeder.org\/wp-content\/uploads\/memeder-og-logo.jpg","width":1200,"height":636,"caption":"Memeder Sa\u011fl\u0131\u011f\u0131 Derne\u011fi"},"image":{"@id":"https:\/\/memeder.org\/en\/#\/schema\/logo\/image\/"},"sameAs":["https:\/\/www.facebook.com\/memesagliginelinde","https:\/\/x.com\/memeder","https:\/\/www.instagram.com\/memeder\/","https:\/\/www.youtube.com\/channel\/UCedFOX-EWymQyXqYuVcuYQQ"]}]}},"_links":{"self":[{"href":"https:\/\/memeder.org\/en\/wp-json\/wp\/v2\/pages\/8376","targetHints":{"allow":["GET"]}}],"collection":[{"href":"https:\/\/memeder.org\/en\/wp-json\/wp\/v2\/pages"}],"about":[{"href":"https:\/\/memeder.org\/en\/wp-json\/wp\/v2\/types\/page"}],"author":[{"embeddable":true,"href":"https:\/\/memeder.org\/en\/wp-json\/wp\/v2\/users\/2"}],"replies":[{"embeddable":true,"href":"https:\/\/memeder.org\/en\/wp-json\/wp\/v2\/comments?post=8376"}],"version-history":[{"count":7,"href":"https:\/\/memeder.org\/en\/wp-json\/wp\/v2\/pages\/8376\/revisions"}],"predecessor-version":[{"id":8889,"href":"https:\/\/memeder.org\/en\/wp-json\/wp\/v2\/pages\/8376\/revisions\/8889"}],"wp:attachment":[{"href":"https:\/\/memeder.org\/en\/wp-json\/wp\/v2\/media?parent=8376"}],"curies":[{"name":"wp","href":"https:\/\/api.w.org\/{rel}","templated":true}]}}