{"id":8345,"date":"2026-01-21T11:47:52","date_gmt":"2026-01-21T11:47:52","guid":{"rendered":"https:\/\/memeder.org\/meme-saglik\/"},"modified":"2026-02-11T11:54:36","modified_gmt":"2026-02-11T11:54:36","slug":"breast-health","status":"publish","type":"page","link":"https:\/\/memeder.org\/en\/breast-health\/","title":{"rendered":"Breast Health"},"content":{"rendered":"\t\t<div data-elementor-type=\"wp-page\" data-elementor-id=\"8345\" class=\"elementor elementor-8345 elementor-6060\">\n\t\t\t\t\t\t<section class=\"elementor-section elementor-top-section elementor-element elementor-element-d4f2f7e elementor-section-boxed elementor-section-height-default elementor-section-height-default\" data-id=\"d4f2f7e\" data-element_type=\"section\" data-e-type=\"section\">\n\t\t\t\t\t\t<div class=\"elementor-container elementor-column-gap-default\">\n\t\t\t\t\t<div class=\"elementor-column elementor-col-100 elementor-top-column elementor-element elementor-element-b5f93d0\" data-id=\"b5f93d0\" data-element_type=\"column\" data-e-type=\"column\">\n\t\t\t<div class=\"elementor-widget-wrap elementor-element-populated\">\n\t\t\t\t\t\t<div class=\"elementor-element elementor-element-739aaeb yonetim-kurulu-baslik-space elementor-widget elementor-widget-spacer\" data-id=\"739aaeb\" data-element_type=\"widget\" data-e-type=\"widget\" data-widget_type=\"spacer.default\">\n\t\t\t\t\t\t\t<div class=\"elementor-spacer\">\n\t\t\t<div class=\"elementor-spacer-inner\"><\/div>\n\t\t<\/div>\n\t\t\t\t\t\t<\/div>\n\t\t\t\t<div class=\"elementor-element elementor-element-b1b7db5 acenter divider-yes elementor-widget elementor-widget-wgl-double-heading\" data-id=\"b1b7db5\" data-element_type=\"widget\" data-e-type=\"widget\" data-widget_type=\"wgl-double-heading.default\">\n\t\t\t\t<div class=\"elementor-widget-container\">\n\t\t\t\t\t<div class=\"wgl-double-heading\"><div class=\"dblh__divider\"><\/div><h1 class=\"dblh__title-wrapper\"><span class=\"dblh__title dblh__title-1\">Breast<\/span><span class=\"dblh__title dblh__title-2\"> Health<\/span><\/h1><\/div>\t\t\t\t<\/div>\n\t\t\t\t<\/div>\n\t\t\t\t<div class=\"elementor-element elementor-element-9b296e7 yonetim-kurulu-baslik-space elementor-widget elementor-widget-spacer\" data-id=\"9b296e7\" data-element_type=\"widget\" data-e-type=\"widget\" data-widget_type=\"spacer.default\">\n\t\t\t\t\t\t\t<div class=\"elementor-spacer\">\n\t\t\t<div class=\"elementor-spacer-inner\"><\/div>\n\t\t<\/div>\n\t\t\t\t\t\t<\/div>\n\t\t\t\t<div class=\"elementor-element elementor-element-1110b6e nav-left elementor-widget elementor-widget-wgl-blog\" data-id=\"1110b6e\" data-element_type=\"widget\" data-e-type=\"widget\" data-settings=\"{&quot;blog_columns&quot;:&quot;4&quot;}\" data-widget_type=\"wgl-blog.default\">\n\t\t\t\t<div class=\"elementor-widget-container\">\n\t\t\t\t\t<section class=\"wgl_cpt_section\"><div class=\"blog-posts\"><div class=\"container-grid row blog_columns-3 grid blog-style-standard\">    <div class=\"item wgl_col-4\">\r\n    <div class=\"blog-post format-standard format-no_featured format-standard hide_media\">\r\n    <div class=\"blog-post_wrapper\">    <div class=\"blog-post_content\"><div class=\"post_meta-wrap\"><\/div><h2 class=\"blog-post_title\"><a href=\"https:\/\/memeder.org\/en\/registration-and-scanning-project\/\">Registration and Scanning Project<\/a><\/h2><div class=\"clear\"><\/div><div class=\"blog-post_footer\">            <div class=\"read-more-wrap\">\r\n                <a href=\"https:\/\/memeder.org\/en\/registration-and-scanning-project\/\" class=\"button-read-more\">\r\n                <span>Read More<\/span>\r\n                <i class=\"flaticon flaticon-long-next\"><\/i>\r\n                <\/a>\r\n            <\/div>    <\/div>\r\n    <\/div>\r\n    <\/div>\r\n    <\/div>\r\n    <\/div>    <div class=\"item wgl_col-4\">\r\n    <div class=\"blog-post format-standard format-no_featured format-standard hide_media\">\r\n    <div class=\"blog-post_wrapper\">    <div class=\"blog-post_content\"><div class=\"post_meta-wrap\"><\/div><h2 class=\"blog-post_title\"><a href=\"https:\/\/memeder.org\/en\/breast-health-center\/\">Breast Health Center<\/a><\/h2><div class=\"clear\"><\/div><div class=\"blog-post_footer\">            <div class=\"read-more-wrap\">\r\n                <a href=\"https:\/\/memeder.org\/en\/breast-health-center\/\" class=\"button-read-more\">\r\n                <span>Read More<\/span>\r\n                <i class=\"flaticon flaticon-long-next\"><\/i>\r\n                <\/a>\r\n            <\/div>    <\/div>\r\n    <\/div>\r\n    <\/div>\r\n    <\/div>\r\n    <\/div>    <div class=\"item wgl_col-4\">\r\n    <div class=\"blog-post format-standard format-no_featured format-standard hide_media\">\r\n    <div class=\"blog-post_wrapper\">    <div class=\"blog-post_content\"><div class=\"post_meta-wrap\"><\/div><h2 class=\"blog-post_title\"><a href=\"https:\/\/memeder.org\/en\/healthy-breast\/\">Healthy Breast<\/a><\/h2><div class=\"clear\"><\/div><div class=\"blog-post_footer\">            <div class=\"read-more-wrap\">\r\n                <a href=\"https:\/\/memeder.org\/en\/healthy-breast\/\" class=\"button-read-more\">\r\n                <span>Read More<\/span>\r\n                <i class=\"flaticon flaticon-long-next\"><\/i>\r\n                <\/a>\r\n            <\/div>    <\/div>\r\n    <\/div>\r\n    <\/div>\r\n    <\/div>\r\n    <\/div>    <div class=\"item wgl_col-4\">\r\n    <div class=\"blog-post format-standard format-no_featured format-standard hide_media\">\r\n    <div class=\"blog-post_wrapper\">    <div class=\"blog-post_content\"><div class=\"post_meta-wrap\"><\/div><h2 class=\"blog-post_title\"><a href=\"https:\/\/memeder.org\/en\/breast-tissue\/\">Breast Tissue<\/a><\/h2><div class=\"clear\"><\/div><div class=\"blog-post_footer\">            <div class=\"read-more-wrap\">\r\n                <a href=\"https:\/\/memeder.org\/en\/breast-tissue\/\" class=\"button-read-more\">\r\n                <span>Read More<\/span>\r\n                <i class=\"flaticon flaticon-long-next\"><\/i>\r\n                <\/a>\r\n            <\/div>    <\/div>\r\n    <\/div>\r\n    <\/div>\r\n    <\/div>\r\n    <\/div>    <div class=\"item wgl_col-4\">\r\n    <div class=\"blog-post format-standard format-no_featured format-standard hide_media\">\r\n    <div class=\"blog-post_wrapper\">    <div class=\"blog-post_content\"><div class=\"post_meta-wrap\"><\/div><h2 class=\"blog-post_title\"><a href=\"https:\/\/memeder.org\/en\/breast-diseases\/\">Breast Diseases<\/a><\/h2><div class=\"clear\"><\/div><div class=\"blog-post_footer\">            <div class=\"read-more-wrap\">\r\n                <a href=\"https:\/\/memeder.org\/en\/breast-diseases\/\" class=\"button-read-more\">\r\n                <span>Read More<\/span>\r\n                <i class=\"flaticon flaticon-long-next\"><\/i>\r\n                <\/a>\r\n            <\/div>    <\/div>\r\n    <\/div>\r\n    <\/div>\r\n    <\/div>\r\n    <\/div>    <div class=\"item wgl_col-4\">\r\n    <div class=\"blog-post format-standard format-no_featured format-standard hide_media\">\r\n    <div class=\"blog-post_wrapper\">    <div class=\"blog-post_content\"><div class=\"post_meta-wrap\"><\/div><h2 class=\"blog-post_title\"><a href=\"https:\/\/memeder.org\/en\/mammography\/\">Mammography<\/a><\/h2><div class=\"clear\"><\/div><div class=\"blog-post_footer\">            <div class=\"read-more-wrap\">\r\n                <a href=\"https:\/\/memeder.org\/en\/mammography\/\" class=\"button-read-more\">\r\n                <span>Read More<\/span>\r\n                <i class=\"flaticon flaticon-long-next\"><\/i>\r\n                <\/a>\r\n            <\/div>    <\/div>\r\n    <\/div>\r\n    <\/div>\r\n    <\/div>\r\n    <\/div>    <div class=\"item wgl_col-4\">\r\n    <div class=\"blog-post format-standard format-no_featured format-standard hide_media\">\r\n    <div class=\"blog-post_wrapper\">    <div class=\"blog-post_content\"><div class=\"post_meta-wrap\"><\/div><h2 class=\"blog-post_title\"><a href=\"https:\/\/memeder.org\/en\/breast-aesthetics\/\">Breast Aesthetics<\/a><\/h2><div class=\"clear\"><\/div><div class=\"blog-post_footer\">            <div class=\"read-more-wrap\">\r\n                <a href=\"https:\/\/memeder.org\/en\/breast-aesthetics\/\" class=\"button-read-more\">\r\n                <span>Read More<\/span>\r\n                <i class=\"flaticon flaticon-long-next\"><\/i>\r\n                <\/a>\r\n            <\/div>    <\/div>\r\n    <\/div>\r\n    <\/div>\r\n    <\/div>\r\n    <\/div>    <div class=\"item wgl_col-4\">\r\n    <div class=\"blog-post format-standard format-no_featured format-standard hide_media\">\r\n    <div class=\"blog-post_wrapper\">    <div class=\"blog-post_content\"><div class=\"post_meta-wrap\"><\/div><h2 class=\"blog-post_title\"><a href=\"https:\/\/memeder.org\/en\/cancer-myths\/\">Cancer Myths<\/a><\/h2><div class=\"clear\"><\/div><div class=\"blog-post_footer\">            <div class=\"read-more-wrap\">\r\n                <a href=\"https:\/\/memeder.org\/en\/cancer-myths\/\" class=\"button-read-more\">\r\n                <span>Read More<\/span>\r\n                <i class=\"flaticon flaticon-long-next\"><\/i>\r\n                <\/a>\r\n            <\/div>    <\/div>\r\n    <\/div>\r\n    <\/div>\r\n    <\/div>\r\n    <\/div><\/div><\/div><\/section>\t\t\t\t<\/div>\n\t\t\t\t<\/div>\n\t\t\t\t<div class=\"elementor-element elementor-element-17f6297 elementor-widget elementor-widget-spacer\" data-id=\"17f6297\" data-element_type=\"widget\" data-e-type=\"widget\" data-widget_type=\"spacer.default\">\n\t\t\t\t\t\t\t<div class=\"elementor-spacer\">\n\t\t\t<div class=\"elementor-spacer-inner\"><\/div>\n\t\t<\/div>\n\t\t\t\t\t\t<\/div>\n\t\t\t\t\t<\/div>\n\t\t<\/div>\n\t\t\t\t\t<\/div>\n\t\t<\/section>\n\t\t\t\t<\/div>\n\t\t","protected":false},"excerpt":{"rendered":"<p>Breast Health Registration and Scanning Project Read More Breast Health Center Read More Healthy Breast Read More Breast Tissue Read More Breast Diseases Read More Mammography Read More Breast Aesthetics Read More Cancer Myths Read More<\/p>\n","protected":false},"author":2,"featured_media":0,"parent":0,"menu_order":0,"comment_status":"closed","ping_status":"closed","template":"","meta":{"footnotes":""},"class_list":["post-8345","page","type-page","status-publish","hentry"],"yoast_head":"<!-- This site is optimized with the Yoast SEO plugin v26.8 - https:\/\/yoast.com\/product\/yoast-seo-wordpress\/ -->\n<title>Breast Health - Memeder Sa\u011fl\u0131\u011f\u0131 Derne\u011fi<\/title>\n<meta name=\"description\" content=\"This informative page provides easy access to basic information about breast health, care tips, and prevention methods.\" \/>\n<meta name=\"robots\" content=\"index, follow, max-snippet:-1, max-image-preview:large, max-video-preview:-1\" \/>\n<link rel=\"canonical\" href=\"https:\/\/memeder.org\/en\/breast-health\/\" \/>\n<meta property=\"og:locale\" content=\"en_US\" \/>\n<meta property=\"og:type\" content=\"article\" \/>\n<meta property=\"og:title\" content=\"Breast Health - Memeder Sa\u011fl\u0131\u011f\u0131 Derne\u011fi\" \/>\n<meta property=\"og:description\" content=\"This informative page provides easy access to basic information about breast health, care tips, and prevention methods.\" \/>\n<meta property=\"og:url\" content=\"https:\/\/memeder.org\/en\/breast-health\/\" \/>\n<meta property=\"og:site_name\" content=\"Memeder Sa\u011fl\u0131\u011f\u0131 Derne\u011fi\" \/>\n<meta property=\"article:publisher\" content=\"https:\/\/www.facebook.com\/memesagliginelinde\" \/>\n<meta property=\"article:modified_time\" content=\"2026-02-11T11:54:36+00:00\" \/>\n<meta name=\"twitter:card\" content=\"summary_large_image\" \/>\n<meta name=\"twitter:site\" content=\"@memeder\" \/>\n<meta name=\"twitter:label1\" content=\"Est. reading time\" \/>\n\t<meta name=\"twitter:data1\" content=\"1 minute\" \/>\n<script type=\"application\/ld+json\" class=\"yoast-schema-graph\">{\"@context\":\"https:\/\/schema.org\",\"@graph\":[{\"@type\":\"WebPage\",\"@id\":\"https:\/\/memeder.org\/en\/breast-health\/\",\"url\":\"https:\/\/memeder.org\/en\/breast-health\/\",\"name\":\"Breast Health - Memeder Sa\u011fl\u0131\u011f\u0131 Derne\u011fi\",\"isPartOf\":{\"@id\":\"https:\/\/memeder.org\/en\/#website\"},\"datePublished\":\"2026-01-21T11:47:52+00:00\",\"dateModified\":\"2026-02-11T11:54:36+00:00\",\"description\":\"This informative page provides easy access to basic information about breast health, care tips, and prevention methods.\",\"breadcrumb\":{\"@id\":\"https:\/\/memeder.org\/en\/breast-health\/#breadcrumb\"},\"inLanguage\":\"en-US\",\"potentialAction\":[{\"@type\":\"ReadAction\",\"target\":[\"https:\/\/memeder.org\/en\/breast-health\/\"]}]},{\"@type\":\"BreadcrumbList\",\"@id\":\"https:\/\/memeder.org\/en\/breast-health\/#breadcrumb\",\"itemListElement\":[{\"@type\":\"ListItem\",\"position\":1,\"name\":\"Anasayfa\",\"item\":\"https:\/\/memeder.org\/en\/\"},{\"@type\":\"ListItem\",\"position\":2,\"name\":\"Breast Health\"}]},{\"@type\":\"WebSite\",\"@id\":\"https:\/\/memeder.org\/en\/#website\",\"url\":\"https:\/\/memeder.org\/en\/\",\"name\":\"Memeder Sa\u011fl\u0131\u011f\u0131 Derne\u011fi\",\"description\":\"\",\"publisher\":{\"@id\":\"https:\/\/memeder.org\/en\/#organization\"},\"potentialAction\":[{\"@type\":\"SearchAction\",\"target\":{\"@type\":\"EntryPoint\",\"urlTemplate\":\"https:\/\/memeder.org\/en\/?s={search_term_string}\"},\"query-input\":{\"@type\":\"PropertyValueSpecification\",\"valueRequired\":true,\"valueName\":\"search_term_string\"}}],\"inLanguage\":\"en-US\"},{\"@type\":\"Organization\",\"@id\":\"https:\/\/memeder.org\/en\/#organization\",\"name\":\"Memeder Sa\u011fl\u0131\u011f\u0131 Derne\u011fi\",\"url\":\"https:\/\/memeder.org\/en\/\",\"logo\":{\"@type\":\"ImageObject\",\"inLanguage\":\"en-US\",\"@id\":\"https:\/\/memeder.org\/en\/#\/schema\/logo\/image\/\",\"url\":\"https:\/\/memeder.org\/wp-content\/uploads\/memeder-og-logo.jpg\",\"contentUrl\":\"https:\/\/memeder.org\/wp-content\/uploads\/memeder-og-logo.jpg\",\"width\":1200,\"height\":636,\"caption\":\"Memeder Sa\u011fl\u0131\u011f\u0131 Derne\u011fi\"},\"image\":{\"@id\":\"https:\/\/memeder.org\/en\/#\/schema\/logo\/image\/\"},\"sameAs\":[\"https:\/\/www.facebook.com\/memesagliginelinde\",\"https:\/\/x.com\/memeder\",\"https:\/\/www.instagram.com\/memeder\/\",\"https:\/\/www.youtube.com\/channel\/UCedFOX-EWymQyXqYuVcuYQQ\"]}]}<\/script>\n<!-- \/ Yoast SEO plugin. -->","yoast_head_json":{"title":"Breast Health - Memeder Sa\u011fl\u0131\u011f\u0131 Derne\u011fi","description":"This informative page provides easy access to basic information about breast health, care tips, and prevention methods.","robots":{"index":"index","follow":"follow","max-snippet":"max-snippet:-1","max-image-preview":"max-image-preview:large","max-video-preview":"max-video-preview:-1"},"canonical":"https:\/\/memeder.org\/en\/breast-health\/","og_locale":"en_US","og_type":"article","og_title":"Breast Health - Memeder Sa\u011fl\u0131\u011f\u0131 Derne\u011fi","og_description":"This informative page provides easy access to basic information about breast health, care tips, and prevention methods.","og_url":"https:\/\/memeder.org\/en\/breast-health\/","og_site_name":"Memeder Sa\u011fl\u0131\u011f\u0131 Derne\u011fi","article_publisher":"https:\/\/www.facebook.com\/memesagliginelinde","article_modified_time":"2026-02-11T11:54:36+00:00","twitter_card":"summary_large_image","twitter_site":"@memeder","twitter_misc":{"Est. reading time":"1 minute"},"schema":{"@context":"https:\/\/schema.org","@graph":[{"@type":"WebPage","@id":"https:\/\/memeder.org\/en\/breast-health\/","url":"https:\/\/memeder.org\/en\/breast-health\/","name":"Breast Health - Memeder Sa\u011fl\u0131\u011f\u0131 Derne\u011fi","isPartOf":{"@id":"https:\/\/memeder.org\/en\/#website"},"datePublished":"2026-01-21T11:47:52+00:00","dateModified":"2026-02-11T11:54:36+00:00","description":"This informative page provides easy access to basic information about breast health, care tips, and prevention methods.","breadcrumb":{"@id":"https:\/\/memeder.org\/en\/breast-health\/#breadcrumb"},"inLanguage":"en-US","potentialAction":[{"@type":"ReadAction","target":["https:\/\/memeder.org\/en\/breast-health\/"]}]},{"@type":"BreadcrumbList","@id":"https:\/\/memeder.org\/en\/breast-health\/#breadcrumb","itemListElement":[{"@type":"ListItem","position":1,"name":"Anasayfa","item":"https:\/\/memeder.org\/en\/"},{"@type":"ListItem","position":2,"name":"Breast Health"}]},{"@type":"WebSite","@id":"https:\/\/memeder.org\/en\/#website","url":"https:\/\/memeder.org\/en\/","name":"Memeder Sa\u011fl\u0131\u011f\u0131 Derne\u011fi","description":"","publisher":{"@id":"https:\/\/memeder.org\/en\/#organization"},"potentialAction":[{"@type":"SearchAction","target":{"@type":"EntryPoint","urlTemplate":"https:\/\/memeder.org\/en\/?s={search_term_string}"},"query-input":{"@type":"PropertyValueSpecification","valueRequired":true,"valueName":"search_term_string"}}],"inLanguage":"en-US"},{"@type":"Organization","@id":"https:\/\/memeder.org\/en\/#organization","name":"Memeder Sa\u011fl\u0131\u011f\u0131 Derne\u011fi","url":"https:\/\/memeder.org\/en\/","logo":{"@type":"ImageObject","inLanguage":"en-US","@id":"https:\/\/memeder.org\/en\/#\/schema\/logo\/image\/","url":"https:\/\/memeder.org\/wp-content\/uploads\/memeder-og-logo.jpg","contentUrl":"https:\/\/memeder.org\/wp-content\/uploads\/memeder-og-logo.jpg","width":1200,"height":636,"caption":"Memeder Sa\u011fl\u0131\u011f\u0131 Derne\u011fi"},"image":{"@id":"https:\/\/memeder.org\/en\/#\/schema\/logo\/image\/"},"sameAs":["https:\/\/www.facebook.com\/memesagliginelinde","https:\/\/x.com\/memeder","https:\/\/www.instagram.com\/memeder\/","https:\/\/www.youtube.com\/channel\/UCedFOX-EWymQyXqYuVcuYQQ"]}]}},"_links":{"self":[{"href":"https:\/\/memeder.org\/en\/wp-json\/wp\/v2\/pages\/8345","targetHints":{"allow":["GET"]}}],"collection":[{"href":"https:\/\/memeder.org\/en\/wp-json\/wp\/v2\/pages"}],"about":[{"href":"https:\/\/memeder.org\/en\/wp-json\/wp\/v2\/types\/page"}],"author":[{"embeddable":true,"href":"https:\/\/memeder.org\/en\/wp-json\/wp\/v2\/users\/2"}],"replies":[{"embeddable":true,"href":"https:\/\/memeder.org\/en\/wp-json\/wp\/v2\/comments?post=8345"}],"version-history":[{"count":7,"href":"https:\/\/memeder.org\/en\/wp-json\/wp\/v2\/pages\/8345\/revisions"}],"predecessor-version":[{"id":8886,"href":"https:\/\/memeder.org\/en\/wp-json\/wp\/v2\/pages\/8345\/revisions\/8886"}],"wp:attachment":[{"href":"https:\/\/memeder.org\/en\/wp-json\/wp\/v2\/media?parent=8345"}],"curies":[{"name":"wp","href":"https:\/\/api.w.org\/{rel}","templated":true}]}}