{"id":8330,"date":"2026-01-20T13:19:46","date_gmt":"2026-01-20T13:19:46","guid":{"rendered":"https:\/\/memeder.org\/institutional\/uyelik-basvuru-formu\/"},"modified":"2026-02-11T10:45:43","modified_gmt":"2026-02-11T10:45:43","slug":"membership-application-form","status":"publish","type":"page","link":"https:\/\/memeder.org\/en\/institutional\/membership-application-form\/","title":{"rendered":"Membership Application Form"},"content":{"rendered":"\t\t<div data-elementor-type=\"wp-page\" data-elementor-id=\"8330\" class=\"elementor elementor-8330 elementor-5520\">\n\t\t\t\t\t\t<section class=\"elementor-section elementor-top-section elementor-element elementor-element-0699f7b yonetim-kurulu elementor-section-boxed elementor-section-height-default elementor-section-height-default\" data-id=\"0699f7b\" data-element_type=\"section\" data-e-type=\"section\" data-settings=\"{&quot;background_background&quot;:&quot;classic&quot;}\">\n\t\t\t\t\t\t<div class=\"elementor-container elementor-column-gap-default\">\n\t\t\t\t\t<div class=\"elementor-column elementor-col-100 elementor-top-column elementor-element elementor-element-9e9c5a8\" data-id=\"9e9c5a8\" data-element_type=\"column\" data-e-type=\"column\">\n\t\t\t<div class=\"elementor-widget-wrap elementor-element-populated\">\n\t\t\t\t\t\t<div class=\"elementor-element elementor-element-5463179 elementor-widget elementor-widget-spacer\" data-id=\"5463179\" data-element_type=\"widget\" data-e-type=\"widget\" data-widget_type=\"spacer.default\">\n\t\t\t\t\t\t\t<div class=\"elementor-spacer\">\n\t\t\t<div class=\"elementor-spacer-inner\"><\/div>\n\t\t<\/div>\n\t\t\t\t\t\t<\/div>\n\t\t\t\t<div class=\"elementor-element elementor-element-6bfec7a acenter divider-yes elementor-widget elementor-widget-wgl-double-heading\" data-id=\"6bfec7a\" data-element_type=\"widget\" data-e-type=\"widget\" data-widget_type=\"wgl-double-heading.default\">\n\t\t\t\t<div class=\"elementor-widget-container\">\n\t\t\t\t\t<div class=\"wgl-double-heading\"><div class=\"dblh__divider\"><\/div><h1 class=\"dblh__title-wrapper\"><span class=\"dblh__title dblh__title-1\">Membership Application<\/span><span class=\"dblh__title dblh__title-2\"> Form<\/span><\/h1><\/div>\t\t\t\t<\/div>\n\t\t\t\t<\/div>\n\t\t\t\t<div class=\"elementor-element elementor-element-72092c2 yonetim-kurulu-baslik-space elementor-widget elementor-widget-spacer\" data-id=\"72092c2\" data-element_type=\"widget\" data-e-type=\"widget\" data-widget_type=\"spacer.default\">\n\t\t\t\t\t\t\t<div class=\"elementor-spacer\">\n\t\t\t<div class=\"elementor-spacer-inner\"><\/div>\n\t\t<\/div>\n\t\t\t\t\t\t<\/div>\n\t\t\t\t<div class=\"elementor-element elementor-element-047d979 aleft elementor-widget elementor-widget-wgl-contact-form-7\" data-id=\"047d979\" data-element_type=\"widget\" data-e-type=\"widget\" data-widget_type=\"wgl-contact-form-7.default\">\n\t\t\t\t<div class=\"elementor-widget-container\">\n\t\t\t\t\t<div class=\"wgl-contact-form-7\">\n<div class=\"wpcf7 no-js\" id=\"wpcf7-f8852-o1\" lang=\"tr-TR\" dir=\"ltr\" data-wpcf7-id=\"8852\">\n<div class=\"screen-reader-response\"><p role=\"status\" aria-live=\"polite\" aria-atomic=\"true\"><\/p> <ul><\/ul><\/div>\n<form action=\"\/en\/wp-json\/wp\/v2\/pages\/8330#wpcf7-f8852-o1\" method=\"post\" class=\"wpcf7-form init\" aria-label=\"Contact form\" novalidate=\"novalidate\" data-status=\"init\">\n<fieldset class=\"hidden-fields-container\"><input type=\"hidden\" name=\"_wpcf7\" value=\"8852\" \/><input type=\"hidden\" name=\"_wpcf7_version\" value=\"6.1.5\" \/><input type=\"hidden\" name=\"_wpcf7_locale\" value=\"tr_TR\" \/><input type=\"hidden\" name=\"_wpcf7_unit_tag\" value=\"wpcf7-f8852-o1\" \/><input type=\"hidden\" name=\"_wpcf7_container_post\" value=\"0\" \/><input type=\"hidden\" name=\"_wpcf7_posted_data_hash\" value=\"\" \/>\n<\/fieldset>\n<div class='row'>\n\n<div class='wgl_col-6'>\n<span class=\"wpcf7-form-control-wrap\" data-name=\"name\"><input size=\"40\" maxlength=\"400\" class=\"wpcf7-form-control wpcf7-text wpcf7-validates-as-required\" aria-required=\"true\" aria-invalid=\"false\" placeholder=\"Name *\" value=\"\" type=\"text\" name=\"name\" \/><\/span>\n<\/div>\n\n<div class='wgl_col-6'>\n<span class=\"wpcf7-form-control-wrap\" data-name=\"surname\"><input size=\"40\" maxlength=\"400\" class=\"wpcf7-form-control wpcf7-text wpcf7-validates-as-required\" aria-required=\"true\" aria-invalid=\"false\" placeholder=\"Surname *\" value=\"\" type=\"text\" name=\"surname\" \/><\/span>\n<\/div>\n\n<div class='wgl_col-6'>\n<span class=\"wpcf7-form-control-wrap\" data-name=\"phone\"><input size=\"40\" maxlength=\"400\" class=\"wpcf7-form-control wpcf7-tel wpcf7-validates-as-required wpcf7-text wpcf7-validates-as-tel\" aria-required=\"true\" aria-invalid=\"false\" placeholder=\"Phone Number *\" value=\"\" type=\"tel\" name=\"phone\" \/><\/span>\n<\/div>\n\n<div class='wgl_col-6'>\n<span class=\"wpcf7-form-control-wrap\" data-name=\"mail\"><input size=\"40\" maxlength=\"400\" class=\"wpcf7-form-control wpcf7-email wpcf7-validates-as-required wpcf7-text wpcf7-validates-as-email\" aria-required=\"true\" aria-invalid=\"false\" placeholder=\"Mail Address *\" value=\"\" type=\"email\" name=\"mail\" \/><\/span>\n<\/div>\n\n<div class='wgl_col-12'>\n<span class=\"wpcf7-form-control-wrap\" data-name=\"address\"><textarea cols=\"40\" rows=\"10\" maxlength=\"2000\" class=\"wpcf7-form-control wpcf7-textarea wpcf7-validates-as-required\" aria-required=\"true\" aria-invalid=\"false\" placeholder=\"Address *\" name=\"address\"><\/textarea><\/span>\n<\/div>\n\n<div class='wgl_col-6'>\n<span class=\"wpcf7-form-control-wrap\" data-name=\"kan-grubu\"><select class=\"wpcf7-form-control wpcf7-select\" aria-invalid=\"false\" name=\"kan-grubu\"><option value=\"Blood group\">Blood group<\/option><option value=\"0 Rh -\">0 Rh -<\/option><option value=\"0 Rh +\">0 Rh +<\/option><option value=\"A Rh -\">A Rh -<\/option><option value=\"A Rh +\">A Rh +<\/option><option value=\"B Rh -\">B Rh -<\/option><option value=\"B Rh +\">B Rh +<\/option><option value=\"AB Rh -\">AB Rh -<\/option><option value=\"AB Rh +\">AB Rh +<\/option><\/select><\/span>\n<\/div>\n\n<div class='wgl_col-6'>\n<span class=\"wpcf7-form-control-wrap\" data-name=\"medeni-hal\"><select class=\"wpcf7-form-control wpcf7-select\" aria-invalid=\"false\" name=\"medeni-hal\"><option value=\"Civil status\">Civil status<\/option><option value=\"Single\">Single<\/option><option value=\"married\">married<\/option><\/select><\/span>\n<\/div>\n\n<div class='wgl_col-12'>\n<span class=\"wpcf7-form-control-wrap\" data-name=\"yabanci-dil\"><textarea cols=\"40\" rows=\"10\" maxlength=\"2000\" class=\"wpcf7-form-control wpcf7-textarea\" aria-invalid=\"false\" placeholder=\"Foreign Languages  You Know\" name=\"yabanci-dil\"><\/textarea><\/span>\n<\/div>\n\n<div class='wgl_col-12'>\n<span class=\"wpcf7-form-control-wrap\" data-name=\"calisilan-isyeri\"><textarea cols=\"40\" rows=\"10\" maxlength=\"2000\" class=\"wpcf7-form-control wpcf7-textarea\" aria-invalid=\"false\" placeholder=\"Your current employer&#039;s name and address.\" name=\"calisilan-isyeri\"><\/textarea><\/span>\n<\/div>\n\n<div class='wgl_col-12'>\n<span class=\"wpcf7-form-control-wrap\" data-name=\"gorev\"><input size=\"40\" maxlength=\"400\" class=\"wpcf7-form-control wpcf7-text\" aria-invalid=\"false\" placeholder=\"The task you are currently performing\" value=\"\" type=\"text\" name=\"gorev\" \/><\/span>\n<\/div>\n\n<div class='wgl_col-12'>\n<span class=\"wpcf7-form-control-wrap\" data-name=\"meme-kanseri-durumu\"><textarea cols=\"40\" rows=\"10\" maxlength=\"2000\" class=\"wpcf7-form-control wpcf7-textarea\" aria-invalid=\"false\" placeholder=\"Is there anyone in your family and\/or close relatives who has had breast cancer? If so, what is the degree of relationship?\" name=\"meme-kanseri-durumu\"><\/textarea><\/span>\n<\/div>\n\n<div class='wgl_col-12'>\n<span class=\"wpcf7-form-control-wrap\" data-name=\"uyelik-durumu\"><textarea cols=\"40\" rows=\"10\" maxlength=\"2000\" class=\"wpcf7-form-control wpcf7-textarea\" aria-invalid=\"false\" placeholder=\"Are you a member of another association or foundation? Please list the other organizations you are a member of.\" name=\"uyelik-durumu\"><\/textarea><\/span>\n<\/div>\n\n<div class='wgl_col-12'>\n<span class=\"wpcf7-form-control-wrap\" data-name=\"gorev-talebi\"><textarea cols=\"40\" rows=\"10\" maxlength=\"2000\" class=\"wpcf7-form-control wpcf7-textarea\" aria-invalid=\"false\" placeholder=\"Why do you want to work in this association?\" name=\"gorev-talebi\"><\/textarea><\/span>\n<\/div>\n\n<div class='wgl_col-12'>\n<span class=\"wpcf7-form-control-wrap\" data-name=\"abone-durumu\"><textarea cols=\"40\" rows=\"10\" maxlength=\"2000\" class=\"wpcf7-form-control wpcf7-textarea\" aria-invalid=\"false\" placeholder=\"Publications You&#039;ve Subscribed To\" name=\"abone-durumu\"><\/textarea><\/span>\n<\/div>\n\n<div class='wgl_col-12'>\n<span class=\"wpcf7-form-control-wrap\" data-name=\"dernek-haber-durumu\"><textarea cols=\"40\" rows=\"10\" maxlength=\"2000\" class=\"wpcf7-form-control wpcf7-textarea\" aria-invalid=\"false\" placeholder=\"Through which communication channel did you hear about the Breast Health Association?\" name=\"dernek-haber-durumu\"><\/textarea><\/span>\n<\/div>\n\n<div class='wgl_col-12'>\n<span class=\"wpcf7-form-control-wrap\" data-name=\"privacy-policy\"><span class=\"wpcf7-form-control wpcf7-acceptance\"><span class=\"wpcf7-list-item\"><label><input type=\"checkbox\" name=\"privacy-policy\" value=\"1\" aria-invalid=\"false\" \/><span class=\"wpcf7-list-item-label\">I have read and accept the <a href=\"\"# target=\"_blank\">Privacy Policy<\/a>.<\/span><\/label><\/span><\/span><\/span>\n<input class=\"wpcf7-form-control wpcf7-submit has-spinner\" type=\"submit\" value=\"Submit\" \/>\n<\/div>\n\n<\/div><div class=\"wpcf7-response-output\" aria-hidden=\"true\"><\/div>\n<\/form>\n<\/div>\n<\/div>\t\t\t\t<\/div>\n\t\t\t\t<\/div>\n\t\t\t\t<div class=\"elementor-element elementor-element-17aa846 elementor-widget elementor-widget-spacer\" data-id=\"17aa846\" data-element_type=\"widget\" data-e-type=\"widget\" data-widget_type=\"spacer.default\">\n\t\t\t\t\t\t\t<div class=\"elementor-spacer\">\n\t\t\t<div class=\"elementor-spacer-inner\"><\/div>\n\t\t<\/div>\n\t\t\t\t\t\t<\/div>\n\t\t\t\t\t<\/div>\n\t\t<\/div>\n\t\t\t\t\t<\/div>\n\t\t<\/section>\n\t\t\t\t<\/div>\n\t\t","protected":false},"excerpt":{"rendered":"<p>Membership Application Form Blood group0 Rh &#8211;0 Rh +A Rh &#8211;A Rh +B Rh &#8211;B Rh +AB Rh &#8211;AB Rh + Civil statusSinglemarried I have read and accept the Privacy Policy.<\/p>\n","protected":false},"author":2,"featured_media":0,"parent":8293,"menu_order":0,"comment_status":"closed","ping_status":"closed","template":"","meta":{"footnotes":""},"class_list":["post-8330","page","type-page","status-publish","hentry"],"yoast_head":"<!-- This site is optimized with the Yoast SEO plugin v26.8 - https:\/\/yoast.com\/product\/yoast-seo-wordpress\/ -->\n<title>Membership Application Form - Memeder Sa\u011fl\u0131\u011f\u0131 Derne\u011fi<\/title>\n<meta name=\"description\" content=\"You can participate in breast health activities by filling out the necessary form for membership on the MEMEDER membership application form page.\" \/>\n<meta name=\"robots\" content=\"index, follow, max-snippet:-1, max-image-preview:large, max-video-preview:-1\" \/>\n<link rel=\"canonical\" href=\"https:\/\/memeder.org\/en\/institutional\/membership-application-form\/\" \/>\n<meta property=\"og:locale\" content=\"en_US\" \/>\n<meta property=\"og:type\" content=\"article\" \/>\n<meta property=\"og:title\" content=\"Membership Application Form - Memeder Sa\u011fl\u0131\u011f\u0131 Derne\u011fi\" \/>\n<meta property=\"og:description\" content=\"You can participate in breast health activities by filling out the necessary form for membership on the MEMEDER membership application form page.\" \/>\n<meta property=\"og:url\" content=\"https:\/\/memeder.org\/en\/institutional\/membership-application-form\/\" \/>\n<meta property=\"og:site_name\" content=\"Memeder Sa\u011fl\u0131\u011f\u0131 Derne\u011fi\" \/>\n<meta property=\"article:publisher\" content=\"https:\/\/www.facebook.com\/memesagliginelinde\" \/>\n<meta property=\"article:modified_time\" content=\"2026-02-11T10:45:43+00:00\" \/>\n<meta name=\"twitter:card\" content=\"summary_large_image\" \/>\n<meta name=\"twitter:site\" content=\"@memeder\" \/>\n<meta name=\"twitter:label1\" content=\"Est. reading time\" \/>\n\t<meta name=\"twitter:data1\" content=\"1 minute\" \/>\n<script type=\"application\/ld+json\" class=\"yoast-schema-graph\">{\"@context\":\"https:\/\/schema.org\",\"@graph\":[{\"@type\":\"WebPage\",\"@id\":\"https:\/\/memeder.org\/en\/institutional\/membership-application-form\/\",\"url\":\"https:\/\/memeder.org\/en\/institutional\/membership-application-form\/\",\"name\":\"Membership Application Form - Memeder Sa\u011fl\u0131\u011f\u0131 Derne\u011fi\",\"isPartOf\":{\"@id\":\"https:\/\/memeder.org\/en\/#website\"},\"datePublished\":\"2026-01-20T13:19:46+00:00\",\"dateModified\":\"2026-02-11T10:45:43+00:00\",\"description\":\"You can participate in breast health activities by filling out the necessary form for membership on the MEMEDER membership application form page.\",\"breadcrumb\":{\"@id\":\"https:\/\/memeder.org\/en\/institutional\/membership-application-form\/#breadcrumb\"},\"inLanguage\":\"en-US\",\"potentialAction\":[{\"@type\":\"ReadAction\",\"target\":[\"https:\/\/memeder.org\/en\/institutional\/membership-application-form\/\"]}]},{\"@type\":\"BreadcrumbList\",\"@id\":\"https:\/\/memeder.org\/en\/institutional\/membership-application-form\/#breadcrumb\",\"itemListElement\":[{\"@type\":\"ListItem\",\"position\":1,\"name\":\"Anasayfa\",\"item\":\"https:\/\/memeder.org\/en\/\"},{\"@type\":\"ListItem\",\"position\":2,\"name\":\"Membership Application Form\"}]},{\"@type\":\"WebSite\",\"@id\":\"https:\/\/memeder.org\/en\/#website\",\"url\":\"https:\/\/memeder.org\/en\/\",\"name\":\"Memeder Sa\u011fl\u0131\u011f\u0131 Derne\u011fi\",\"description\":\"\",\"publisher\":{\"@id\":\"https:\/\/memeder.org\/en\/#organization\"},\"potentialAction\":[{\"@type\":\"SearchAction\",\"target\":{\"@type\":\"EntryPoint\",\"urlTemplate\":\"https:\/\/memeder.org\/en\/?s={search_term_string}\"},\"query-input\":{\"@type\":\"PropertyValueSpecification\",\"valueRequired\":true,\"valueName\":\"search_term_string\"}}],\"inLanguage\":\"en-US\"},{\"@type\":\"Organization\",\"@id\":\"https:\/\/memeder.org\/en\/#organization\",\"name\":\"Memeder Sa\u011fl\u0131\u011f\u0131 Derne\u011fi\",\"url\":\"https:\/\/memeder.org\/en\/\",\"logo\":{\"@type\":\"ImageObject\",\"inLanguage\":\"en-US\",\"@id\":\"https:\/\/memeder.org\/en\/#\/schema\/logo\/image\/\",\"url\":\"https:\/\/memeder.org\/wp-content\/uploads\/memeder-og-logo.jpg\",\"contentUrl\":\"https:\/\/memeder.org\/wp-content\/uploads\/memeder-og-logo.jpg\",\"width\":1200,\"height\":636,\"caption\":\"Memeder Sa\u011fl\u0131\u011f\u0131 Derne\u011fi\"},\"image\":{\"@id\":\"https:\/\/memeder.org\/en\/#\/schema\/logo\/image\/\"},\"sameAs\":[\"https:\/\/www.facebook.com\/memesagliginelinde\",\"https:\/\/x.com\/memeder\",\"https:\/\/www.instagram.com\/memeder\/\",\"https:\/\/www.youtube.com\/channel\/UCedFOX-EWymQyXqYuVcuYQQ\"]}]}<\/script>\n<!-- \/ Yoast SEO plugin. -->","yoast_head_json":{"title":"Membership Application Form - Memeder Sa\u011fl\u0131\u011f\u0131 Derne\u011fi","description":"You can participate in breast health activities by filling out the necessary form for membership on the MEMEDER membership application form page.","robots":{"index":"index","follow":"follow","max-snippet":"max-snippet:-1","max-image-preview":"max-image-preview:large","max-video-preview":"max-video-preview:-1"},"canonical":"https:\/\/memeder.org\/en\/institutional\/membership-application-form\/","og_locale":"en_US","og_type":"article","og_title":"Membership Application Form - Memeder Sa\u011fl\u0131\u011f\u0131 Derne\u011fi","og_description":"You can participate in breast health activities by filling out the necessary form for membership on the MEMEDER membership application form page.","og_url":"https:\/\/memeder.org\/en\/institutional\/membership-application-form\/","og_site_name":"Memeder Sa\u011fl\u0131\u011f\u0131 Derne\u011fi","article_publisher":"https:\/\/www.facebook.com\/memesagliginelinde","article_modified_time":"2026-02-11T10:45:43+00:00","twitter_card":"summary_large_image","twitter_site":"@memeder","twitter_misc":{"Est. reading time":"1 minute"},"schema":{"@context":"https:\/\/schema.org","@graph":[{"@type":"WebPage","@id":"https:\/\/memeder.org\/en\/institutional\/membership-application-form\/","url":"https:\/\/memeder.org\/en\/institutional\/membership-application-form\/","name":"Membership Application Form - Memeder Sa\u011fl\u0131\u011f\u0131 Derne\u011fi","isPartOf":{"@id":"https:\/\/memeder.org\/en\/#website"},"datePublished":"2026-01-20T13:19:46+00:00","dateModified":"2026-02-11T10:45:43+00:00","description":"You can participate in breast health activities by filling out the necessary form for membership on the MEMEDER membership application form page.","breadcrumb":{"@id":"https:\/\/memeder.org\/en\/institutional\/membership-application-form\/#breadcrumb"},"inLanguage":"en-US","potentialAction":[{"@type":"ReadAction","target":["https:\/\/memeder.org\/en\/institutional\/membership-application-form\/"]}]},{"@type":"BreadcrumbList","@id":"https:\/\/memeder.org\/en\/institutional\/membership-application-form\/#breadcrumb","itemListElement":[{"@type":"ListItem","position":1,"name":"Anasayfa","item":"https:\/\/memeder.org\/en\/"},{"@type":"ListItem","position":2,"name":"Membership Application Form"}]},{"@type":"WebSite","@id":"https:\/\/memeder.org\/en\/#website","url":"https:\/\/memeder.org\/en\/","name":"Memeder Sa\u011fl\u0131\u011f\u0131 Derne\u011fi","description":"","publisher":{"@id":"https:\/\/memeder.org\/en\/#organization"},"potentialAction":[{"@type":"SearchAction","target":{"@type":"EntryPoint","urlTemplate":"https:\/\/memeder.org\/en\/?s={search_term_string}"},"query-input":{"@type":"PropertyValueSpecification","valueRequired":true,"valueName":"search_term_string"}}],"inLanguage":"en-US"},{"@type":"Organization","@id":"https:\/\/memeder.org\/en\/#organization","name":"Memeder Sa\u011fl\u0131\u011f\u0131 Derne\u011fi","url":"https:\/\/memeder.org\/en\/","logo":{"@type":"ImageObject","inLanguage":"en-US","@id":"https:\/\/memeder.org\/en\/#\/schema\/logo\/image\/","url":"https:\/\/memeder.org\/wp-content\/uploads\/memeder-og-logo.jpg","contentUrl":"https:\/\/memeder.org\/wp-content\/uploads\/memeder-og-logo.jpg","width":1200,"height":636,"caption":"Memeder Sa\u011fl\u0131\u011f\u0131 Derne\u011fi"},"image":{"@id":"https:\/\/memeder.org\/en\/#\/schema\/logo\/image\/"},"sameAs":["https:\/\/www.facebook.com\/memesagliginelinde","https:\/\/x.com\/memeder","https:\/\/www.instagram.com\/memeder\/","https:\/\/www.youtube.com\/channel\/UCedFOX-EWymQyXqYuVcuYQQ"]}]}},"_links":{"self":[{"href":"https:\/\/memeder.org\/en\/wp-json\/wp\/v2\/pages\/8330","targetHints":{"allow":["GET"]}}],"collection":[{"href":"https:\/\/memeder.org\/en\/wp-json\/wp\/v2\/pages"}],"about":[{"href":"https:\/\/memeder.org\/en\/wp-json\/wp\/v2\/types\/page"}],"author":[{"embeddable":true,"href":"https:\/\/memeder.org\/en\/wp-json\/wp\/v2\/users\/2"}],"replies":[{"embeddable":true,"href":"https:\/\/memeder.org\/en\/wp-json\/wp\/v2\/comments?post=8330"}],"version-history":[{"count":7,"href":"https:\/\/memeder.org\/en\/wp-json\/wp\/v2\/pages\/8330\/revisions"}],"predecessor-version":[{"id":8855,"href":"https:\/\/memeder.org\/en\/wp-json\/wp\/v2\/pages\/8330\/revisions\/8855"}],"up":[{"embeddable":true,"href":"https:\/\/memeder.org\/en\/wp-json\/wp\/v2\/pages\/8293"}],"wp:attachment":[{"href":"https:\/\/memeder.org\/en\/wp-json\/wp\/v2\/media?parent=8330"}],"curies":[{"name":"wp","href":"https:\/\/api.w.org\/{rel}","templated":true}]}}