{"id":8322,"date":"2026-01-23T11:34:12","date_gmt":"2026-01-23T11:34:12","guid":{"rendered":"https:\/\/memeder.org\/institutional\/sponsorluk\/"},"modified":"2026-02-09T14:15:26","modified_gmt":"2026-02-09T14:15:26","slug":"sponsorship","status":"publish","type":"page","link":"https:\/\/memeder.org\/en\/institutional\/sponsorship\/","title":{"rendered":"Sponsorship"},"content":{"rendered":"\t\t<div data-elementor-type=\"wp-page\" data-elementor-id=\"8322\" class=\"elementor elementor-8322 elementor-6598\">\n\t\t\t\t\t\t<section class=\"elementor-section elementor-top-section elementor-element elementor-element-0699f7b yonetim-kurulu elementor-section-boxed elementor-section-height-default elementor-section-height-default\" data-id=\"0699f7b\" data-element_type=\"section\" data-e-type=\"section\" data-settings=\"{&quot;background_background&quot;:&quot;classic&quot;}\">\n\t\t\t\t\t\t<div class=\"elementor-container elementor-column-gap-default\">\n\t\t\t\t\t<div class=\"elementor-column elementor-col-100 elementor-top-column elementor-element elementor-element-9e9c5a8\" data-id=\"9e9c5a8\" data-element_type=\"column\" data-e-type=\"column\">\n\t\t\t<div class=\"elementor-widget-wrap elementor-element-populated\">\n\t\t\t\t\t\t<div class=\"elementor-element elementor-element-5463179 elementor-widget elementor-widget-spacer\" data-id=\"5463179\" data-element_type=\"widget\" data-e-type=\"widget\" data-widget_type=\"spacer.default\">\n\t\t\t\t\t\t\t<div class=\"elementor-spacer\">\n\t\t\t<div class=\"elementor-spacer-inner\"><\/div>\n\t\t<\/div>\n\t\t\t\t\t\t<\/div>\n\t\t\t\t<div class=\"elementor-element elementor-element-6bfec7a acenter divider-yes elementor-widget elementor-widget-wgl-double-heading\" data-id=\"6bfec7a\" data-element_type=\"widget\" data-e-type=\"widget\" data-widget_type=\"wgl-double-heading.default\">\n\t\t\t\t<div class=\"elementor-widget-container\">\n\t\t\t\t\t<div class=\"wgl-double-heading\"><div class=\"dblh__divider\"><\/div><h1 class=\"dblh__title-wrapper\"><span class=\"dblh__title dblh__title-1\">Sponsorship<\/span><\/h1><\/div>\t\t\t\t<\/div>\n\t\t\t\t<\/div>\n\t\t\t\t<div class=\"elementor-element elementor-element-72092c2 yonetim-kurulu-baslik-space elementor-widget elementor-widget-spacer\" data-id=\"72092c2\" data-element_type=\"widget\" data-e-type=\"widget\" data-widget_type=\"spacer.default\">\n\t\t\t\t\t\t\t<div class=\"elementor-spacer\">\n\t\t\t<div class=\"elementor-spacer-inner\"><\/div>\n\t\t<\/div>\n\t\t\t\t\t\t<\/div>\n\t\t\t\t<div class=\"elementor-element elementor-element-49785ec elementor-widget elementor-widget-text-editor\" data-id=\"49785ec\" data-element_type=\"widget\" data-e-type=\"widget\" data-widget_type=\"text-editor.default\">\n\t\t\t\t\t\t\t\t\t<p class=\"p1\">To become a sponsor of our association and to obtain more information, please contact G\u00fcl\u00e7in Vatanda\u015f.<\/p><p class=\"p1\"><strong>E-mail:<\/strong> <a href=\"mailto:info@memeder.org\">info@memeder.org<\/a><\/p><p class=\"p1\"><strong>Phone:<\/strong> <a href=\"tel:+905302306990\">0530 230 6990<\/a><\/p>\t\t\t\t\t\t\t\t<\/div>\n\t\t\t\t<div class=\"elementor-element elementor-element-17aa846 elementor-widget elementor-widget-spacer\" data-id=\"17aa846\" data-element_type=\"widget\" data-e-type=\"widget\" data-widget_type=\"spacer.default\">\n\t\t\t\t\t\t\t<div class=\"elementor-spacer\">\n\t\t\t<div class=\"elementor-spacer-inner\"><\/div>\n\t\t<\/div>\n\t\t\t\t\t\t<\/div>\n\t\t\t\t\t<\/div>\n\t\t<\/div>\n\t\t\t\t\t<\/div>\n\t\t<\/section>\n\t\t\t\t<\/div>\n\t\t","protected":false},"excerpt":{"rendered":"<p>Sponsorship To become a sponsor of our association and to obtain more information, please contact G\u00fcl\u00e7in Vatanda\u015f. E-mail: info@memeder.org Phone: 0530 230 6990<\/p>\n","protected":false},"author":2,"featured_media":0,"parent":8293,"menu_order":0,"comment_status":"closed","ping_status":"closed","template":"","meta":{"footnotes":""},"class_list":["post-8322","page","type-page","status-publish","hentry"],"yoast_head":"<!-- This site is optimized with the Yoast SEO plugin v26.8 - https:\/\/yoast.com\/product\/yoast-seo-wordpress\/ -->\n<title>Sponsorship - Memeder Sa\u011fl\u0131\u011f\u0131 Derne\u011fi<\/title>\n<meta name=\"description\" content=\"Learn how to sponsor MEMEDER and explore opportunities to contribute to breast health awareness through collaboration on their sponsorship page.\" \/>\n<meta name=\"robots\" content=\"index, follow, max-snippet:-1, max-image-preview:large, max-video-preview:-1\" \/>\n<link rel=\"canonical\" href=\"https:\/\/memeder.org\/en\/institutional\/sponsorship\/\" \/>\n<meta property=\"og:locale\" content=\"en_US\" \/>\n<meta property=\"og:type\" content=\"article\" \/>\n<meta property=\"og:title\" content=\"Sponsorship - Memeder Sa\u011fl\u0131\u011f\u0131 Derne\u011fi\" \/>\n<meta property=\"og:description\" content=\"Learn how to sponsor MEMEDER and explore opportunities to contribute to breast health awareness through collaboration on their sponsorship page.\" \/>\n<meta property=\"og:url\" content=\"https:\/\/memeder.org\/en\/institutional\/sponsorship\/\" \/>\n<meta property=\"og:site_name\" content=\"Memeder Sa\u011fl\u0131\u011f\u0131 Derne\u011fi\" \/>\n<meta property=\"article:publisher\" content=\"https:\/\/www.facebook.com\/memesagliginelinde\" \/>\n<meta property=\"article:modified_time\" content=\"2026-02-09T14:15:26+00:00\" \/>\n<meta name=\"twitter:card\" content=\"summary_large_image\" \/>\n<meta name=\"twitter:site\" content=\"@memeder\" \/>\n<meta name=\"twitter:label1\" content=\"Est. reading time\" \/>\n\t<meta name=\"twitter:data1\" content=\"1 minute\" \/>\n<script type=\"application\/ld+json\" class=\"yoast-schema-graph\">{\"@context\":\"https:\/\/schema.org\",\"@graph\":[{\"@type\":\"WebPage\",\"@id\":\"https:\/\/memeder.org\/en\/institutional\/sponsorship\/\",\"url\":\"https:\/\/memeder.org\/en\/institutional\/sponsorship\/\",\"name\":\"Sponsorship - Memeder Sa\u011fl\u0131\u011f\u0131 Derne\u011fi\",\"isPartOf\":{\"@id\":\"https:\/\/memeder.org\/en\/#website\"},\"datePublished\":\"2026-01-23T11:34:12+00:00\",\"dateModified\":\"2026-02-09T14:15:26+00:00\",\"description\":\"Learn how to sponsor MEMEDER and explore opportunities to contribute to breast health awareness through collaboration on their sponsorship page.\",\"breadcrumb\":{\"@id\":\"https:\/\/memeder.org\/en\/institutional\/sponsorship\/#breadcrumb\"},\"inLanguage\":\"en-US\",\"potentialAction\":[{\"@type\":\"ReadAction\",\"target\":[\"https:\/\/memeder.org\/en\/institutional\/sponsorship\/\"]}]},{\"@type\":\"BreadcrumbList\",\"@id\":\"https:\/\/memeder.org\/en\/institutional\/sponsorship\/#breadcrumb\",\"itemListElement\":[{\"@type\":\"ListItem\",\"position\":1,\"name\":\"Anasayfa\",\"item\":\"https:\/\/memeder.org\/en\/\"},{\"@type\":\"ListItem\",\"position\":2,\"name\":\"Sponsorship\"}]},{\"@type\":\"WebSite\",\"@id\":\"https:\/\/memeder.org\/en\/#website\",\"url\":\"https:\/\/memeder.org\/en\/\",\"name\":\"Memeder Sa\u011fl\u0131\u011f\u0131 Derne\u011fi\",\"description\":\"\",\"publisher\":{\"@id\":\"https:\/\/memeder.org\/en\/#organization\"},\"potentialAction\":[{\"@type\":\"SearchAction\",\"target\":{\"@type\":\"EntryPoint\",\"urlTemplate\":\"https:\/\/memeder.org\/en\/?s={search_term_string}\"},\"query-input\":{\"@type\":\"PropertyValueSpecification\",\"valueRequired\":true,\"valueName\":\"search_term_string\"}}],\"inLanguage\":\"en-US\"},{\"@type\":\"Organization\",\"@id\":\"https:\/\/memeder.org\/en\/#organization\",\"name\":\"Memeder Sa\u011fl\u0131\u011f\u0131 Derne\u011fi\",\"url\":\"https:\/\/memeder.org\/en\/\",\"logo\":{\"@type\":\"ImageObject\",\"inLanguage\":\"en-US\",\"@id\":\"https:\/\/memeder.org\/en\/#\/schema\/logo\/image\/\",\"url\":\"https:\/\/memeder.org\/wp-content\/uploads\/memeder-og-logo.jpg\",\"contentUrl\":\"https:\/\/memeder.org\/wp-content\/uploads\/memeder-og-logo.jpg\",\"width\":1200,\"height\":636,\"caption\":\"Memeder Sa\u011fl\u0131\u011f\u0131 Derne\u011fi\"},\"image\":{\"@id\":\"https:\/\/memeder.org\/en\/#\/schema\/logo\/image\/\"},\"sameAs\":[\"https:\/\/www.facebook.com\/memesagliginelinde\",\"https:\/\/x.com\/memeder\",\"https:\/\/www.instagram.com\/memeder\/\",\"https:\/\/www.youtube.com\/channel\/UCedFOX-EWymQyXqYuVcuYQQ\"]}]}<\/script>\n<!-- \/ Yoast SEO plugin. -->","yoast_head_json":{"title":"Sponsorship - Memeder Sa\u011fl\u0131\u011f\u0131 Derne\u011fi","description":"Learn how to sponsor MEMEDER and explore opportunities to contribute to breast health awareness through collaboration on their sponsorship page.","robots":{"index":"index","follow":"follow","max-snippet":"max-snippet:-1","max-image-preview":"max-image-preview:large","max-video-preview":"max-video-preview:-1"},"canonical":"https:\/\/memeder.org\/en\/institutional\/sponsorship\/","og_locale":"en_US","og_type":"article","og_title":"Sponsorship - Memeder Sa\u011fl\u0131\u011f\u0131 Derne\u011fi","og_description":"Learn how to sponsor MEMEDER and explore opportunities to contribute to breast health awareness through collaboration on their sponsorship page.","og_url":"https:\/\/memeder.org\/en\/institutional\/sponsorship\/","og_site_name":"Memeder Sa\u011fl\u0131\u011f\u0131 Derne\u011fi","article_publisher":"https:\/\/www.facebook.com\/memesagliginelinde","article_modified_time":"2026-02-09T14:15:26+00:00","twitter_card":"summary_large_image","twitter_site":"@memeder","twitter_misc":{"Est. reading time":"1 minute"},"schema":{"@context":"https:\/\/schema.org","@graph":[{"@type":"WebPage","@id":"https:\/\/memeder.org\/en\/institutional\/sponsorship\/","url":"https:\/\/memeder.org\/en\/institutional\/sponsorship\/","name":"Sponsorship - Memeder Sa\u011fl\u0131\u011f\u0131 Derne\u011fi","isPartOf":{"@id":"https:\/\/memeder.org\/en\/#website"},"datePublished":"2026-01-23T11:34:12+00:00","dateModified":"2026-02-09T14:15:26+00:00","description":"Learn how to sponsor MEMEDER and explore opportunities to contribute to breast health awareness through collaboration on their sponsorship page.","breadcrumb":{"@id":"https:\/\/memeder.org\/en\/institutional\/sponsorship\/#breadcrumb"},"inLanguage":"en-US","potentialAction":[{"@type":"ReadAction","target":["https:\/\/memeder.org\/en\/institutional\/sponsorship\/"]}]},{"@type":"BreadcrumbList","@id":"https:\/\/memeder.org\/en\/institutional\/sponsorship\/#breadcrumb","itemListElement":[{"@type":"ListItem","position":1,"name":"Anasayfa","item":"https:\/\/memeder.org\/en\/"},{"@type":"ListItem","position":2,"name":"Sponsorship"}]},{"@type":"WebSite","@id":"https:\/\/memeder.org\/en\/#website","url":"https:\/\/memeder.org\/en\/","name":"Memeder Sa\u011fl\u0131\u011f\u0131 Derne\u011fi","description":"","publisher":{"@id":"https:\/\/memeder.org\/en\/#organization"},"potentialAction":[{"@type":"SearchAction","target":{"@type":"EntryPoint","urlTemplate":"https:\/\/memeder.org\/en\/?s={search_term_string}"},"query-input":{"@type":"PropertyValueSpecification","valueRequired":true,"valueName":"search_term_string"}}],"inLanguage":"en-US"},{"@type":"Organization","@id":"https:\/\/memeder.org\/en\/#organization","name":"Memeder Sa\u011fl\u0131\u011f\u0131 Derne\u011fi","url":"https:\/\/memeder.org\/en\/","logo":{"@type":"ImageObject","inLanguage":"en-US","@id":"https:\/\/memeder.org\/en\/#\/schema\/logo\/image\/","url":"https:\/\/memeder.org\/wp-content\/uploads\/memeder-og-logo.jpg","contentUrl":"https:\/\/memeder.org\/wp-content\/uploads\/memeder-og-logo.jpg","width":1200,"height":636,"caption":"Memeder Sa\u011fl\u0131\u011f\u0131 Derne\u011fi"},"image":{"@id":"https:\/\/memeder.org\/en\/#\/schema\/logo\/image\/"},"sameAs":["https:\/\/www.facebook.com\/memesagliginelinde","https:\/\/x.com\/memeder","https:\/\/www.instagram.com\/memeder\/","https:\/\/www.youtube.com\/channel\/UCedFOX-EWymQyXqYuVcuYQQ"]}]}},"_links":{"self":[{"href":"https:\/\/memeder.org\/en\/wp-json\/wp\/v2\/pages\/8322","targetHints":{"allow":["GET"]}}],"collection":[{"href":"https:\/\/memeder.org\/en\/wp-json\/wp\/v2\/pages"}],"about":[{"href":"https:\/\/memeder.org\/en\/wp-json\/wp\/v2\/types\/page"}],"author":[{"embeddable":true,"href":"https:\/\/memeder.org\/en\/wp-json\/wp\/v2\/users\/2"}],"replies":[{"embeddable":true,"href":"https:\/\/memeder.org\/en\/wp-json\/wp\/v2\/comments?post=8322"}],"version-history":[{"count":5,"href":"https:\/\/memeder.org\/en\/wp-json\/wp\/v2\/pages\/8322\/revisions"}],"predecessor-version":[{"id":8328,"href":"https:\/\/memeder.org\/en\/wp-json\/wp\/v2\/pages\/8322\/revisions\/8328"}],"up":[{"embeddable":true,"href":"https:\/\/memeder.org\/en\/wp-json\/wp\/v2\/pages\/8293"}],"wp:attachment":[{"href":"https:\/\/memeder.org\/en\/wp-json\/wp\/v2\/media?parent=8322"}],"curies":[{"name":"wp","href":"https:\/\/api.w.org\/{rel}","templated":true}]}}