{"id":8317,"date":"2026-01-20T13:03:15","date_gmt":"2026-01-20T13:03:15","guid":{"rendered":"https:\/\/memeder.org\/institutional\/merkezimiz\/"},"modified":"2026-02-09T14:12:25","modified_gmt":"2026-02-09T14:12:25","slug":"our-center","status":"publish","type":"page","link":"https:\/\/memeder.org\/en\/institutional\/our-center\/","title":{"rendered":"Our center"},"content":{"rendered":"\t\t<div data-elementor-type=\"wp-page\" data-elementor-id=\"8317\" class=\"elementor elementor-8317 elementor-5459\">\n\t\t\t\t\t\t<section class=\"elementor-section elementor-top-section elementor-element elementor-element-0699f7b yonetim-kurulu elementor-section-boxed elementor-section-height-default elementor-section-height-default\" data-id=\"0699f7b\" data-element_type=\"section\" data-e-type=\"section\" data-settings=\"{&quot;background_background&quot;:&quot;classic&quot;}\">\n\t\t\t\t\t\t<div class=\"elementor-container elementor-column-gap-default\">\n\t\t\t\t\t<div class=\"elementor-column elementor-col-100 elementor-top-column elementor-element elementor-element-9e9c5a8\" data-id=\"9e9c5a8\" data-element_type=\"column\" data-e-type=\"column\">\n\t\t\t<div class=\"elementor-widget-wrap elementor-element-populated\">\n\t\t\t\t\t\t<div class=\"elementor-element elementor-element-5463179 elementor-widget elementor-widget-spacer\" data-id=\"5463179\" data-element_type=\"widget\" data-e-type=\"widget\" data-widget_type=\"spacer.default\">\n\t\t\t\t\t\t\t<div class=\"elementor-spacer\">\n\t\t\t<div class=\"elementor-spacer-inner\"><\/div>\n\t\t<\/div>\n\t\t\t\t\t\t<\/div>\n\t\t\t\t<div class=\"elementor-element elementor-element-6bfec7a acenter divider-yes elementor-widget elementor-widget-wgl-double-heading\" data-id=\"6bfec7a\" data-element_type=\"widget\" data-e-type=\"widget\" data-widget_type=\"wgl-double-heading.default\">\n\t\t\t\t<div class=\"elementor-widget-container\">\n\t\t\t\t\t<div class=\"wgl-double-heading\"><div class=\"dblh__divider\"><\/div><h1 class=\"dblh__title-wrapper\"><span class=\"dblh__title dblh__title-1\">Our center<\/span><\/h1><\/div>\t\t\t\t<\/div>\n\t\t\t\t<\/div>\n\t\t\t\t<div class=\"elementor-element elementor-element-72092c2 yonetim-kurulu-baslik-space elementor-widget elementor-widget-spacer\" data-id=\"72092c2\" data-element_type=\"widget\" data-e-type=\"widget\" data-widget_type=\"spacer.default\">\n\t\t\t\t\t\t\t<div class=\"elementor-spacer\">\n\t\t\t<div class=\"elementor-spacer-inner\"><\/div>\n\t\t<\/div>\n\t\t\t\t\t\t<\/div>\n\t\t\t\t<div class=\"elementor-element elementor-element-a2cdb99 col-3 col-tablet-2 col-mobile-1 elementor-widget elementor-widget-wgl-gallery\" data-id=\"a2cdb99\" data-element_type=\"widget\" data-e-type=\"widget\" data-widget_type=\"wgl-gallery.default\">\n\t\t\t\t<div class=\"elementor-widget-container\">\n\t\t\t\t\t<div class=\"wgl-gallery\"><div class=\"wgl-gallery_items gallery-masonry\"><div class=\"wgl-gallery_item-wrapper\"><a class=\"wgl-gallery_item\" data-elementor-open-lightbox=\"yes\" data-elementor-lightbox-slideshow=\"all-a2cdb99\" data-elementor-lightbox-title=\"memeder-1\" data-e-action-hash=\"#elementor-action%3Aaction%3Dlightbox%26settings%3DeyJpZCI6NDYwMiwidXJsIjoiaHR0cHM6XC9cL21lbWVkZXIub3JnXC93cC1jb250ZW50XC91cGxvYWRzXC9tZW1lZGVyLTEuanBnIiwic2xpZGVzaG93IjoiYWxsLWEyY2RiOTkifQ%3D%3D\" href=\"https:\/\/memeder.org\/wp-content\/uploads\/memeder-1.jpg\"><img decoding=\"async\" class=\"wgl-gallery_image\" src=\"https:\/\/memeder.org\/wp-content\/uploads\/memeder-1-981x1270.jpg\" alt=\"\" loading=\"lazy\"><\/a><\/div><div class=\"wgl-gallery_item-wrapper\"><a class=\"wgl-gallery_item\" data-elementor-open-lightbox=\"yes\" data-elementor-lightbox-slideshow=\"all-a2cdb99\" data-elementor-lightbox-title=\"pembe-sutyen-agac-1200\" data-e-action-hash=\"#elementor-action%3Aaction%3Dlightbox%26settings%3DeyJpZCI6NDc5NywidXJsIjoiaHR0cHM6XC9cL21lbWVkZXIub3JnXC93cC1jb250ZW50XC91cGxvYWRzXC9wZW1iZS1zdXR5ZW4tYWdhYy0xMjAwLmpwZyIsInNsaWRlc2hvdyI6ImFsbC1hMmNkYjk5In0%3D\" href=\"https:\/\/memeder.org\/wp-content\/uploads\/pembe-sutyen-agac-1200.jpg\"><img decoding=\"async\" class=\"wgl-gallery_image\" src=\"https:\/\/memeder.org\/wp-content\/uploads\/pembe-sutyen-agac-1200-1200x720.jpg\" alt=\"\" loading=\"lazy\"><\/a><\/div><div class=\"wgl-gallery_item-wrapper\"><a class=\"wgl-gallery_item\" data-elementor-open-lightbox=\"yes\" data-elementor-lightbox-slideshow=\"all-a2cdb99\" data-elementor-lightbox-title=\"memeder-2\" data-e-action-hash=\"#elementor-action%3Aaction%3Dlightbox%26settings%3DeyJpZCI6NDYwNCwidXJsIjoiaHR0cHM6XC9cL21lbWVkZXIub3JnXC93cC1jb250ZW50XC91cGxvYWRzXC9tZW1lZGVyLTIuanBnIiwic2xpZGVzaG93IjoiYWxsLWEyY2RiOTkifQ%3D%3D\" href=\"https:\/\/memeder.org\/wp-content\/uploads\/memeder-2.jpg\"><img decoding=\"async\" class=\"wgl-gallery_image\" src=\"https:\/\/memeder.org\/wp-content\/uploads\/memeder-2-981x941.jpg\" alt=\"\" loading=\"lazy\"><\/a><\/div><div class=\"wgl-gallery_item-wrapper\"><a class=\"wgl-gallery_item\" data-elementor-open-lightbox=\"yes\" data-elementor-lightbox-slideshow=\"all-a2cdb99\" data-elementor-lightbox-title=\"MEMEDER-MER-8\" data-e-action-hash=\"#elementor-action%3Aaction%3Dlightbox%26settings%3DeyJpZCI6NDIwMSwidXJsIjoiaHR0cHM6XC9cL21lbWVkZXIub3JnXC93cC1jb250ZW50XC91cGxvYWRzXC9NRU1FREVSLU1FUi04LXNjYWxlZC5qcGciLCJzbGlkZXNob3ciOiJhbGwtYTJjZGI5OSJ9\" href=\"https:\/\/memeder.org\/wp-content\/uploads\/MEMEDER-MER-8-scaled.jpg\"><img decoding=\"async\" class=\"wgl-gallery_image\" src=\"https:\/\/memeder.org\/wp-content\/uploads\/MEMEDER-MER-8-scaled-2560x1707.jpg\" alt=\"\" loading=\"lazy\"><\/a><\/div><div class=\"wgl-gallery_item-wrapper\"><a class=\"wgl-gallery_item\" data-elementor-open-lightbox=\"yes\" data-elementor-lightbox-slideshow=\"all-a2cdb99\" data-elementor-lightbox-title=\"IMAG0326-1\" data-e-action-hash=\"#elementor-action%3Aaction%3Dlightbox%26settings%3DeyJpZCI6NDE0OCwidXJsIjoiaHR0cHM6XC9cL21lbWVkZXIub3JnXC93cC1jb250ZW50XC91cGxvYWRzXC9JTUFHMDMyNi0xLXNjYWxlZC5qcGciLCJzbGlkZXNob3ciOiJhbGwtYTJjZGI5OSJ9\" href=\"https:\/\/memeder.org\/wp-content\/uploads\/IMAG0326-1-scaled.jpg\"><img decoding=\"async\" class=\"wgl-gallery_image\" src=\"https:\/\/memeder.org\/wp-content\/uploads\/IMAG0326-1-scaled-2560x1928.jpg\" alt=\"\" loading=\"lazy\"><\/a><\/div><div class=\"wgl-gallery_item-wrapper\"><a class=\"wgl-gallery_item\" data-elementor-open-lightbox=\"yes\" data-elementor-lightbox-slideshow=\"all-a2cdb99\" data-elementor-lightbox-title=\"MEMEDER-MER-3-1\" data-e-action-hash=\"#elementor-action%3Aaction%3Dlightbox%26settings%3DeyJpZCI6NDE5NywidXJsIjoiaHR0cHM6XC9cL21lbWVkZXIub3JnXC93cC1jb250ZW50XC91cGxvYWRzXC9NRU1FREVSLU1FUi0zLTEtc2NhbGVkLmpwZyIsInNsaWRlc2hvdyI6ImFsbC1hMmNkYjk5In0%3D\" href=\"https:\/\/memeder.org\/wp-content\/uploads\/MEMEDER-MER-3-1-scaled.jpg\"><img decoding=\"async\" class=\"wgl-gallery_image\" src=\"https:\/\/memeder.org\/wp-content\/uploads\/MEMEDER-MER-3-1-scaled-2560x1702.jpg\" alt=\"\" loading=\"lazy\"><\/a><\/div><div class=\"wgl-gallery_item-wrapper\"><a class=\"wgl-gallery_item\" data-elementor-open-lightbox=\"yes\" data-elementor-lightbox-slideshow=\"all-a2cdb99\" data-elementor-lightbox-title=\"MEMEDER-MER-6-1\" data-e-action-hash=\"#elementor-action%3Aaction%3Dlightbox%26settings%3DeyJpZCI6NDE5OSwidXJsIjoiaHR0cHM6XC9cL21lbWVkZXIub3JnXC93cC1jb250ZW50XC91cGxvYWRzXC9NRU1FREVSLU1FUi02LTEtc2NhbGVkLmpwZyIsInNsaWRlc2hvdyI6ImFsbC1hMmNkYjk5In0%3D\" href=\"https:\/\/memeder.org\/wp-content\/uploads\/MEMEDER-MER-6-1-scaled.jpg\"><img decoding=\"async\" class=\"wgl-gallery_image\" src=\"https:\/\/memeder.org\/wp-content\/uploads\/MEMEDER-MER-6-1-scaled-2560x1707.jpg\" alt=\"\" loading=\"lazy\"><\/a><\/div><\/div><\/div>\t\t\t\t<\/div>\n\t\t\t\t<\/div>\n\t\t\t\t<div class=\"elementor-element elementor-element-17aa846 elementor-widget elementor-widget-spacer\" data-id=\"17aa846\" data-element_type=\"widget\" data-e-type=\"widget\" data-widget_type=\"spacer.default\">\n\t\t\t\t\t\t\t<div class=\"elementor-spacer\">\n\t\t\t<div class=\"elementor-spacer-inner\"><\/div>\n\t\t<\/div>\n\t\t\t\t\t\t<\/div>\n\t\t\t\t\t<\/div>\n\t\t<\/div>\n\t\t\t\t\t<\/div>\n\t\t<\/section>\n\t\t\t\t<\/div>\n\t\t","protected":false},"excerpt":{"rendered":"<p>Our center<\/p>\n","protected":false},"author":2,"featured_media":0,"parent":8293,"menu_order":0,"comment_status":"closed","ping_status":"closed","template":"","meta":{"footnotes":""},"class_list":["post-8317","page","type-page","status-publish","hentry"],"yoast_head":"<!-- This site is optimized with the Yoast SEO plugin v26.8 - https:\/\/yoast.com\/product\/yoast-seo-wordpress\/ -->\n<title>Our center - Memeder Sa\u011fl\u0131\u011f\u0131 Derne\u011fi<\/title>\n<meta name=\"description\" content=\"This informative page provides information about the location of MEMEDER&#039;s headquarters, its areas of operation, and the services it offers.\" \/>\n<meta name=\"robots\" content=\"index, follow, max-snippet:-1, max-image-preview:large, max-video-preview:-1\" \/>\n<link rel=\"canonical\" href=\"https:\/\/memeder.org\/en\/institutional\/our-center\/\" \/>\n<meta property=\"og:locale\" content=\"en_US\" \/>\n<meta property=\"og:type\" content=\"article\" \/>\n<meta property=\"og:title\" content=\"Our center - Memeder Sa\u011fl\u0131\u011f\u0131 Derne\u011fi\" \/>\n<meta property=\"og:description\" content=\"This informative page provides information about the location of MEMEDER&#039;s headquarters, its areas of operation, and the services it offers.\" \/>\n<meta property=\"og:url\" content=\"https:\/\/memeder.org\/en\/institutional\/our-center\/\" \/>\n<meta property=\"og:site_name\" content=\"Memeder Sa\u011fl\u0131\u011f\u0131 Derne\u011fi\" \/>\n<meta property=\"article:publisher\" content=\"https:\/\/www.facebook.com\/memesagliginelinde\" \/>\n<meta property=\"article:modified_time\" content=\"2026-02-09T14:12:25+00:00\" \/>\n<meta property=\"og:image\" content=\"https:\/\/memeder.org\/wp-content\/uploads\/memeder-1-981x1270.jpg\" \/>\n<meta name=\"twitter:card\" content=\"summary_large_image\" \/>\n<meta name=\"twitter:site\" content=\"@memeder\" \/>\n<meta name=\"twitter:label1\" content=\"Est. reading time\" \/>\n\t<meta name=\"twitter:data1\" content=\"2 minutes\" \/>\n<script type=\"application\/ld+json\" class=\"yoast-schema-graph\">{\"@context\":\"https:\/\/schema.org\",\"@graph\":[{\"@type\":\"WebPage\",\"@id\":\"https:\/\/memeder.org\/en\/institutional\/our-center\/\",\"url\":\"https:\/\/memeder.org\/en\/institutional\/our-center\/\",\"name\":\"Our center - Memeder Sa\u011fl\u0131\u011f\u0131 Derne\u011fi\",\"isPartOf\":{\"@id\":\"https:\/\/memeder.org\/en\/#website\"},\"primaryImageOfPage\":{\"@id\":\"https:\/\/memeder.org\/en\/institutional\/our-center\/#primaryimage\"},\"image\":{\"@id\":\"https:\/\/memeder.org\/en\/institutional\/our-center\/#primaryimage\"},\"thumbnailUrl\":\"https:\/\/memeder.org\/wp-content\/uploads\/memeder-1-981x1270.jpg\",\"datePublished\":\"2026-01-20T13:03:15+00:00\",\"dateModified\":\"2026-02-09T14:12:25+00:00\",\"description\":\"This informative page provides information about the location of MEMEDER's headquarters, its areas of operation, and the services it offers.\",\"breadcrumb\":{\"@id\":\"https:\/\/memeder.org\/en\/institutional\/our-center\/#breadcrumb\"},\"inLanguage\":\"en-US\",\"potentialAction\":[{\"@type\":\"ReadAction\",\"target\":[\"https:\/\/memeder.org\/en\/institutional\/our-center\/\"]}]},{\"@type\":\"ImageObject\",\"inLanguage\":\"en-US\",\"@id\":\"https:\/\/memeder.org\/en\/institutional\/our-center\/#primaryimage\",\"url\":\"https:\/\/memeder.org\/wp-content\/uploads\/memeder-1-981x1270.jpg\",\"contentUrl\":\"https:\/\/memeder.org\/wp-content\/uploads\/memeder-1-981x1270.jpg\"},{\"@type\":\"BreadcrumbList\",\"@id\":\"https:\/\/memeder.org\/en\/institutional\/our-center\/#breadcrumb\",\"itemListElement\":[{\"@type\":\"ListItem\",\"position\":1,\"name\":\"Anasayfa\",\"item\":\"https:\/\/memeder.org\/en\/\"},{\"@type\":\"ListItem\",\"position\":2,\"name\":\"Our center\"}]},{\"@type\":\"WebSite\",\"@id\":\"https:\/\/memeder.org\/en\/#website\",\"url\":\"https:\/\/memeder.org\/en\/\",\"name\":\"Memeder Sa\u011fl\u0131\u011f\u0131 Derne\u011fi\",\"description\":\"\",\"publisher\":{\"@id\":\"https:\/\/memeder.org\/en\/#organization\"},\"potentialAction\":[{\"@type\":\"SearchAction\",\"target\":{\"@type\":\"EntryPoint\",\"urlTemplate\":\"https:\/\/memeder.org\/en\/?s={search_term_string}\"},\"query-input\":{\"@type\":\"PropertyValueSpecification\",\"valueRequired\":true,\"valueName\":\"search_term_string\"}}],\"inLanguage\":\"en-US\"},{\"@type\":\"Organization\",\"@id\":\"https:\/\/memeder.org\/en\/#organization\",\"name\":\"Memeder Sa\u011fl\u0131\u011f\u0131 Derne\u011fi\",\"url\":\"https:\/\/memeder.org\/en\/\",\"logo\":{\"@type\":\"ImageObject\",\"inLanguage\":\"en-US\",\"@id\":\"https:\/\/memeder.org\/en\/#\/schema\/logo\/image\/\",\"url\":\"https:\/\/memeder.org\/wp-content\/uploads\/memeder-og-logo.jpg\",\"contentUrl\":\"https:\/\/memeder.org\/wp-content\/uploads\/memeder-og-logo.jpg\",\"width\":1200,\"height\":636,\"caption\":\"Memeder Sa\u011fl\u0131\u011f\u0131 Derne\u011fi\"},\"image\":{\"@id\":\"https:\/\/memeder.org\/en\/#\/schema\/logo\/image\/\"},\"sameAs\":[\"https:\/\/www.facebook.com\/memesagliginelinde\",\"https:\/\/x.com\/memeder\",\"https:\/\/www.instagram.com\/memeder\/\",\"https:\/\/www.youtube.com\/channel\/UCedFOX-EWymQyXqYuVcuYQQ\"]}]}<\/script>\n<!-- \/ Yoast SEO plugin. -->","yoast_head_json":{"title":"Our center - Memeder Sa\u011fl\u0131\u011f\u0131 Derne\u011fi","description":"This informative page provides information about the location of MEMEDER's headquarters, its areas of operation, and the services it offers.","robots":{"index":"index","follow":"follow","max-snippet":"max-snippet:-1","max-image-preview":"max-image-preview:large","max-video-preview":"max-video-preview:-1"},"canonical":"https:\/\/memeder.org\/en\/institutional\/our-center\/","og_locale":"en_US","og_type":"article","og_title":"Our center - Memeder Sa\u011fl\u0131\u011f\u0131 Derne\u011fi","og_description":"This informative page provides information about the location of MEMEDER's headquarters, its areas of operation, and the services it offers.","og_url":"https:\/\/memeder.org\/en\/institutional\/our-center\/","og_site_name":"Memeder Sa\u011fl\u0131\u011f\u0131 Derne\u011fi","article_publisher":"https:\/\/www.facebook.com\/memesagliginelinde","article_modified_time":"2026-02-09T14:12:25+00:00","og_image":[{"url":"https:\/\/memeder.org\/wp-content\/uploads\/memeder-1-981x1270.jpg","type":"","width":"","height":""}],"twitter_card":"summary_large_image","twitter_site":"@memeder","twitter_misc":{"Est. reading time":"2 minutes"},"schema":{"@context":"https:\/\/schema.org","@graph":[{"@type":"WebPage","@id":"https:\/\/memeder.org\/en\/institutional\/our-center\/","url":"https:\/\/memeder.org\/en\/institutional\/our-center\/","name":"Our center - Memeder Sa\u011fl\u0131\u011f\u0131 Derne\u011fi","isPartOf":{"@id":"https:\/\/memeder.org\/en\/#website"},"primaryImageOfPage":{"@id":"https:\/\/memeder.org\/en\/institutional\/our-center\/#primaryimage"},"image":{"@id":"https:\/\/memeder.org\/en\/institutional\/our-center\/#primaryimage"},"thumbnailUrl":"https:\/\/memeder.org\/wp-content\/uploads\/memeder-1-981x1270.jpg","datePublished":"2026-01-20T13:03:15+00:00","dateModified":"2026-02-09T14:12:25+00:00","description":"This informative page provides information about the location of MEMEDER's headquarters, its areas of operation, and the services it offers.","breadcrumb":{"@id":"https:\/\/memeder.org\/en\/institutional\/our-center\/#breadcrumb"},"inLanguage":"en-US","potentialAction":[{"@type":"ReadAction","target":["https:\/\/memeder.org\/en\/institutional\/our-center\/"]}]},{"@type":"ImageObject","inLanguage":"en-US","@id":"https:\/\/memeder.org\/en\/institutional\/our-center\/#primaryimage","url":"https:\/\/memeder.org\/wp-content\/uploads\/memeder-1-981x1270.jpg","contentUrl":"https:\/\/memeder.org\/wp-content\/uploads\/memeder-1-981x1270.jpg"},{"@type":"BreadcrumbList","@id":"https:\/\/memeder.org\/en\/institutional\/our-center\/#breadcrumb","itemListElement":[{"@type":"ListItem","position":1,"name":"Anasayfa","item":"https:\/\/memeder.org\/en\/"},{"@type":"ListItem","position":2,"name":"Our center"}]},{"@type":"WebSite","@id":"https:\/\/memeder.org\/en\/#website","url":"https:\/\/memeder.org\/en\/","name":"Memeder Sa\u011fl\u0131\u011f\u0131 Derne\u011fi","description":"","publisher":{"@id":"https:\/\/memeder.org\/en\/#organization"},"potentialAction":[{"@type":"SearchAction","target":{"@type":"EntryPoint","urlTemplate":"https:\/\/memeder.org\/en\/?s={search_term_string}"},"query-input":{"@type":"PropertyValueSpecification","valueRequired":true,"valueName":"search_term_string"}}],"inLanguage":"en-US"},{"@type":"Organization","@id":"https:\/\/memeder.org\/en\/#organization","name":"Memeder Sa\u011fl\u0131\u011f\u0131 Derne\u011fi","url":"https:\/\/memeder.org\/en\/","logo":{"@type":"ImageObject","inLanguage":"en-US","@id":"https:\/\/memeder.org\/en\/#\/schema\/logo\/image\/","url":"https:\/\/memeder.org\/wp-content\/uploads\/memeder-og-logo.jpg","contentUrl":"https:\/\/memeder.org\/wp-content\/uploads\/memeder-og-logo.jpg","width":1200,"height":636,"caption":"Memeder Sa\u011fl\u0131\u011f\u0131 Derne\u011fi"},"image":{"@id":"https:\/\/memeder.org\/en\/#\/schema\/logo\/image\/"},"sameAs":["https:\/\/www.facebook.com\/memesagliginelinde","https:\/\/x.com\/memeder","https:\/\/www.instagram.com\/memeder\/","https:\/\/www.youtube.com\/channel\/UCedFOX-EWymQyXqYuVcuYQQ"]}]}},"_links":{"self":[{"href":"https:\/\/memeder.org\/en\/wp-json\/wp\/v2\/pages\/8317","targetHints":{"allow":["GET"]}}],"collection":[{"href":"https:\/\/memeder.org\/en\/wp-json\/wp\/v2\/pages"}],"about":[{"href":"https:\/\/memeder.org\/en\/wp-json\/wp\/v2\/types\/page"}],"author":[{"embeddable":true,"href":"https:\/\/memeder.org\/en\/wp-json\/wp\/v2\/users\/2"}],"replies":[{"embeddable":true,"href":"https:\/\/memeder.org\/en\/wp-json\/wp\/v2\/comments?post=8317"}],"version-history":[{"count":4,"href":"https:\/\/memeder.org\/en\/wp-json\/wp\/v2\/pages\/8317\/revisions"}],"predecessor-version":[{"id":8321,"href":"https:\/\/memeder.org\/en\/wp-json\/wp\/v2\/pages\/8317\/revisions\/8321"}],"up":[{"embeddable":true,"href":"https:\/\/memeder.org\/en\/wp-json\/wp\/v2\/pages\/8293"}],"wp:attachment":[{"href":"https:\/\/memeder.org\/en\/wp-json\/wp\/v2\/media?parent=8317"}],"curies":[{"name":"wp","href":"https:\/\/api.w.org\/{rel}","templated":true}]}}