{"id":8303,"date":"2026-01-20T12:58:32","date_gmt":"2026-01-20T12:58:32","guid":{"rendered":"https:\/\/memeder.org\/institutional\/dernek-calisanlari\/"},"modified":"2026-02-09T14:07:08","modified_gmt":"2026-02-09T14:07:08","slug":"association-employees","status":"publish","type":"page","link":"https:\/\/memeder.org\/en\/institutional\/association-employees\/","title":{"rendered":"Association Employees"},"content":{"rendered":"\t\t<div data-elementor-type=\"wp-page\" data-elementor-id=\"8303\" class=\"elementor elementor-8303 elementor-5442\">\n\t\t\t\t\t\t<section class=\"elementor-section elementor-top-section elementor-element elementor-element-0699f7b yonetim-kurulu elementor-section-boxed elementor-section-height-default elementor-section-height-default\" data-id=\"0699f7b\" data-element_type=\"section\" data-e-type=\"section\" data-settings=\"{&quot;background_background&quot;:&quot;classic&quot;}\">\n\t\t\t\t\t\t<div class=\"elementor-container elementor-column-gap-default\">\n\t\t\t\t\t<div class=\"elementor-column elementor-col-100 elementor-top-column elementor-element elementor-element-9e9c5a8\" data-id=\"9e9c5a8\" data-element_type=\"column\" data-e-type=\"column\">\n\t\t\t<div class=\"elementor-widget-wrap elementor-element-populated\">\n\t\t\t\t\t\t<div class=\"elementor-element elementor-element-5463179 elementor-widget elementor-widget-spacer\" data-id=\"5463179\" data-element_type=\"widget\" data-e-type=\"widget\" data-widget_type=\"spacer.default\">\n\t\t\t\t\t\t\t<div class=\"elementor-spacer\">\n\t\t\t<div class=\"elementor-spacer-inner\"><\/div>\n\t\t<\/div>\n\t\t\t\t\t\t<\/div>\n\t\t\t\t<div class=\"elementor-element elementor-element-6bfec7a acenter divider-yes elementor-widget elementor-widget-wgl-double-heading\" data-id=\"6bfec7a\" data-element_type=\"widget\" data-e-type=\"widget\" data-widget_type=\"wgl-double-heading.default\">\n\t\t\t\t<div class=\"elementor-widget-container\">\n\t\t\t\t\t<div class=\"wgl-double-heading\"><div class=\"dblh__divider\"><\/div><h1 class=\"dblh__title-wrapper\"><span class=\"dblh__title dblh__title-1\">Association <\/span><span class=\"dblh__title dblh__title-2\">Employees<\/span><\/h1><\/div>\t\t\t\t<\/div>\n\t\t\t\t<\/div>\n\t\t\t\t<div class=\"elementor-element elementor-element-72092c2 yonetim-kurulu-baslik-space elementor-widget elementor-widget-spacer\" data-id=\"72092c2\" data-element_type=\"widget\" data-e-type=\"widget\" data-widget_type=\"spacer.default\">\n\t\t\t\t\t\t\t<div class=\"elementor-spacer\">\n\t\t\t<div class=\"elementor-spacer-inner\"><\/div>\n\t\t<\/div>\n\t\t\t\t\t\t<\/div>\n\t\t\t\t<div class=\"elementor-element elementor-element-7b164c6 acenter socials-official-idle socials-official-hover elementor-widget elementor-widget-wgl-team\" data-id=\"7b164c6\" data-element_type=\"widget\" data-e-type=\"widget\" data-widget_type=\"wgl-team.default\">\n\t\t\t\t<div class=\"elementor-widget-container\">\n\t\t\t\t\t<section class=\"wgl_module_team\"><div class=\"team__members grid-col--3\"><article class=\"team__member\"><div class=\"member__wrapper\"><div class=\"member__media\"><a href=\"https:\/\/memeder.org\/en\/board-of-directors\/rad-dr-omur-can\/\" class=\"member__thumbnail\"><img decoding=\"async\" src=\"https:\/\/memeder.org\/wp-content\/uploads\/DR.O_CAN-714x740.jpg\" class=\"thumbnail__featured\" alt=\"\"><\/a><\/div><div class=\"member__info\"><h2 class=\"member__name\"><a href=\"https:\/\/memeder.org\/en\/board-of-directors\/rad-dr-omur-can\/\">Rad. Dr. \u00d6m\u00fcr CAN<\/a><\/h2><div class=\"info__wrapper\"><div class=\"info__highlighted\">Central Radiologist<\/div><\/div><\/div><\/div><\/article><article class=\"team__member\"><div class=\"member__wrapper\"><div class=\"member__media\"><a href=\"https:\/\/memeder.org\/en\/board-of-directors\/deniz-dogan-ozkanli\/\" class=\"member__thumbnail\"><img decoding=\"async\" src=\"https:\/\/memeder.org\/wp-content\/uploads\/D_D_OZKANLi-714x740.jpg\" class=\"thumbnail__featured\" alt=\"\"><\/a><\/div><div class=\"member__info\"><h2 class=\"member__name\"><a href=\"https:\/\/memeder.org\/en\/board-of-directors\/deniz-dogan-ozkanli\/\">Deniz Do\u011fan \u00d6zkanl\u0131<\/a><\/h2><div class=\"info__wrapper\"><div class=\"info__highlighted\">Radiology Technician<\/div><\/div><\/div><\/div><\/article><article class=\"team__member\"><div class=\"member__wrapper\"><div class=\"member__media\"><a href=\"https:\/\/memeder.org\/en\/board-of-directors\/head-nurse-nursen-atay-has\/\" class=\"member__thumbnail\"><img decoding=\"async\" src=\"https:\/\/memeder.org\/wp-content\/uploads\/B.Hemsire_N_A_HAS-714x740.jpg\" class=\"thumbnail__featured\" alt=\"\"><\/a><\/div><div class=\"member__info\"><h2 class=\"member__name\"><a href=\"https:\/\/memeder.org\/en\/board-of-directors\/head-nurse-nursen-atay-has\/\">Head Nurse Nursen Atay Has<\/a><\/h2><div class=\"info__wrapper\"><div class=\"info__highlighted\">Center Manager<\/div><\/div><\/div><\/div><\/article><article class=\"team__member\"><div class=\"member__wrapper\"><div class=\"member__media\"><a href=\"https:\/\/memeder.org\/en\/board-of-directors\/gulcin-vatandas\/\" class=\"member__thumbnail\"><img decoding=\"async\" src=\"https:\/\/memeder.org\/wp-content\/uploads\/G_VATANDAS-714x740.jpg\" class=\"thumbnail__featured\" alt=\"\"><\/a><\/div><div class=\"member__info\"><h2 class=\"member__name\"><a href=\"https:\/\/memeder.org\/en\/board-of-directors\/gulcin-vatandas\/\">G\u00fcl\u00e7in Vatanda\u015f<\/a><\/h2><div class=\"info__wrapper\"><div class=\"info__highlighted\">Central Secretary<\/div><\/div><\/div><\/div><\/article><article class=\"team__member\"><div class=\"member__wrapper\"><div class=\"member__media\"><a href=\"https:\/\/memeder.org\/en\/board-of-directors\/sevil-sevinc\/\" class=\"member__thumbnail\"><img decoding=\"async\" src=\"https:\/\/memeder.org\/wp-content\/uploads\/S_-SEViNC-714x740.jpg\" class=\"thumbnail__featured\" alt=\"\"><\/a><\/div><div class=\"member__info\"><h2 class=\"member__name\"><a href=\"https:\/\/memeder.org\/en\/board-of-directors\/sevil-sevinc\/\">Sevil Sevin\u00e7<\/a><\/h2><div class=\"info__wrapper\"><div class=\"info__highlighted\">Central Secretary<\/div><\/div><\/div><\/div><\/article><article class=\"team__member\"><div class=\"member__wrapper\"><div class=\"member__media\"><a href=\"https:\/\/memeder.org\/en\/board-of-directors\/dr-gonul-aykuter\/\" class=\"member__thumbnail\"><img decoding=\"async\" src=\"https:\/\/memeder.org\/wp-content\/uploads\/m_hakkimizda-714x740.jpg\" class=\"thumbnail__featured\" alt=\"\"><\/a><\/div><div class=\"member__info\"><h2 class=\"member__name\"><a href=\"https:\/\/memeder.org\/en\/board-of-directors\/dr-gonul-aykuter\/\">Dr. G\u00f6n\u00fcl Aykuter<\/a><\/h2><div class=\"info__wrapper\"><\/div><\/div><\/div><\/article><\/div><\/section>\t\t\t\t<\/div>\n\t\t\t\t<\/div>\n\t\t\t\t<div class=\"elementor-element elementor-element-17aa846 elementor-widget elementor-widget-spacer\" data-id=\"17aa846\" data-element_type=\"widget\" data-e-type=\"widget\" data-widget_type=\"spacer.default\">\n\t\t\t\t\t\t\t<div class=\"elementor-spacer\">\n\t\t\t<div class=\"elementor-spacer-inner\"><\/div>\n\t\t<\/div>\n\t\t\t\t\t\t<\/div>\n\t\t\t\t\t<\/div>\n\t\t<\/div>\n\t\t\t\t\t<\/div>\n\t\t<\/section>\n\t\t\t\t<\/div>\n\t\t","protected":false},"excerpt":{"rendered":"<p>Association Employees<\/p>\n","protected":false},"author":2,"featured_media":0,"parent":8293,"menu_order":0,"comment_status":"closed","ping_status":"closed","template":"","meta":{"footnotes":""},"class_list":["post-8303","page","type-page","status-publish","hentry"],"yoast_head":"<!-- This site is optimized with the Yoast SEO plugin v26.8 - https:\/\/yoast.com\/product\/yoast-seo-wordpress\/ -->\n<title>Association Employees - Memeder Sa\u011fl\u0131\u011f\u0131 Derne\u011fi<\/title>\n<meta name=\"description\" content=\"This page introduces MEMEDER&#039;s staff, team members, and their roles; you can find information about team members here.\" \/>\n<meta name=\"robots\" content=\"index, follow, max-snippet:-1, max-image-preview:large, max-video-preview:-1\" \/>\n<link rel=\"canonical\" href=\"https:\/\/memeder.org\/en\/institutional\/association-employees\/\" \/>\n<meta property=\"og:locale\" content=\"en_US\" \/>\n<meta property=\"og:type\" content=\"article\" \/>\n<meta property=\"og:title\" content=\"Association Employees - Memeder Sa\u011fl\u0131\u011f\u0131 Derne\u011fi\" \/>\n<meta property=\"og:description\" content=\"This page introduces MEMEDER&#039;s staff, team members, and their roles; you can find information about team members here.\" \/>\n<meta property=\"og:url\" content=\"https:\/\/memeder.org\/en\/institutional\/association-employees\/\" \/>\n<meta property=\"og:site_name\" content=\"Memeder Sa\u011fl\u0131\u011f\u0131 Derne\u011fi\" \/>\n<meta property=\"article:publisher\" content=\"https:\/\/www.facebook.com\/memesagliginelinde\" \/>\n<meta property=\"article:modified_time\" content=\"2026-02-09T14:07:08+00:00\" \/>\n<meta name=\"twitter:card\" content=\"summary_large_image\" \/>\n<meta name=\"twitter:site\" content=\"@memeder\" \/>\n<meta name=\"twitter:label1\" content=\"Est. reading time\" \/>\n\t<meta name=\"twitter:data1\" content=\"1 minute\" \/>\n<script type=\"application\/ld+json\" class=\"yoast-schema-graph\">{\"@context\":\"https:\/\/schema.org\",\"@graph\":[{\"@type\":\"WebPage\",\"@id\":\"https:\/\/memeder.org\/en\/institutional\/association-employees\/\",\"url\":\"https:\/\/memeder.org\/en\/institutional\/association-employees\/\",\"name\":\"Association Employees - Memeder Sa\u011fl\u0131\u011f\u0131 Derne\u011fi\",\"isPartOf\":{\"@id\":\"https:\/\/memeder.org\/en\/#website\"},\"datePublished\":\"2026-01-20T12:58:32+00:00\",\"dateModified\":\"2026-02-09T14:07:08+00:00\",\"description\":\"This page introduces MEMEDER's staff, team members, and their roles; you can find information about team members here.\",\"breadcrumb\":{\"@id\":\"https:\/\/memeder.org\/en\/institutional\/association-employees\/#breadcrumb\"},\"inLanguage\":\"en-US\",\"potentialAction\":[{\"@type\":\"ReadAction\",\"target\":[\"https:\/\/memeder.org\/en\/institutional\/association-employees\/\"]}]},{\"@type\":\"BreadcrumbList\",\"@id\":\"https:\/\/memeder.org\/en\/institutional\/association-employees\/#breadcrumb\",\"itemListElement\":[{\"@type\":\"ListItem\",\"position\":1,\"name\":\"Anasayfa\",\"item\":\"https:\/\/memeder.org\/en\/\"},{\"@type\":\"ListItem\",\"position\":2,\"name\":\"Association Employees\"}]},{\"@type\":\"WebSite\",\"@id\":\"https:\/\/memeder.org\/en\/#website\",\"url\":\"https:\/\/memeder.org\/en\/\",\"name\":\"Memeder Sa\u011fl\u0131\u011f\u0131 Derne\u011fi\",\"description\":\"\",\"publisher\":{\"@id\":\"https:\/\/memeder.org\/en\/#organization\"},\"potentialAction\":[{\"@type\":\"SearchAction\",\"target\":{\"@type\":\"EntryPoint\",\"urlTemplate\":\"https:\/\/memeder.org\/en\/?s={search_term_string}\"},\"query-input\":{\"@type\":\"PropertyValueSpecification\",\"valueRequired\":true,\"valueName\":\"search_term_string\"}}],\"inLanguage\":\"en-US\"},{\"@type\":\"Organization\",\"@id\":\"https:\/\/memeder.org\/en\/#organization\",\"name\":\"Memeder Sa\u011fl\u0131\u011f\u0131 Derne\u011fi\",\"url\":\"https:\/\/memeder.org\/en\/\",\"logo\":{\"@type\":\"ImageObject\",\"inLanguage\":\"en-US\",\"@id\":\"https:\/\/memeder.org\/en\/#\/schema\/logo\/image\/\",\"url\":\"https:\/\/memeder.org\/wp-content\/uploads\/memeder-og-logo.jpg\",\"contentUrl\":\"https:\/\/memeder.org\/wp-content\/uploads\/memeder-og-logo.jpg\",\"width\":1200,\"height\":636,\"caption\":\"Memeder Sa\u011fl\u0131\u011f\u0131 Derne\u011fi\"},\"image\":{\"@id\":\"https:\/\/memeder.org\/en\/#\/schema\/logo\/image\/\"},\"sameAs\":[\"https:\/\/www.facebook.com\/memesagliginelinde\",\"https:\/\/x.com\/memeder\",\"https:\/\/www.instagram.com\/memeder\/\",\"https:\/\/www.youtube.com\/channel\/UCedFOX-EWymQyXqYuVcuYQQ\"]}]}<\/script>\n<!-- \/ Yoast SEO plugin. -->","yoast_head_json":{"title":"Association Employees - Memeder Sa\u011fl\u0131\u011f\u0131 Derne\u011fi","description":"This page introduces MEMEDER's staff, team members, and their roles; you can find information about team members here.","robots":{"index":"index","follow":"follow","max-snippet":"max-snippet:-1","max-image-preview":"max-image-preview:large","max-video-preview":"max-video-preview:-1"},"canonical":"https:\/\/memeder.org\/en\/institutional\/association-employees\/","og_locale":"en_US","og_type":"article","og_title":"Association Employees - Memeder Sa\u011fl\u0131\u011f\u0131 Derne\u011fi","og_description":"This page introduces MEMEDER's staff, team members, and their roles; you can find information about team members here.","og_url":"https:\/\/memeder.org\/en\/institutional\/association-employees\/","og_site_name":"Memeder Sa\u011fl\u0131\u011f\u0131 Derne\u011fi","article_publisher":"https:\/\/www.facebook.com\/memesagliginelinde","article_modified_time":"2026-02-09T14:07:08+00:00","twitter_card":"summary_large_image","twitter_site":"@memeder","twitter_misc":{"Est. reading time":"1 minute"},"schema":{"@context":"https:\/\/schema.org","@graph":[{"@type":"WebPage","@id":"https:\/\/memeder.org\/en\/institutional\/association-employees\/","url":"https:\/\/memeder.org\/en\/institutional\/association-employees\/","name":"Association Employees - Memeder Sa\u011fl\u0131\u011f\u0131 Derne\u011fi","isPartOf":{"@id":"https:\/\/memeder.org\/en\/#website"},"datePublished":"2026-01-20T12:58:32+00:00","dateModified":"2026-02-09T14:07:08+00:00","description":"This page introduces MEMEDER's staff, team members, and their roles; you can find information about team members here.","breadcrumb":{"@id":"https:\/\/memeder.org\/en\/institutional\/association-employees\/#breadcrumb"},"inLanguage":"en-US","potentialAction":[{"@type":"ReadAction","target":["https:\/\/memeder.org\/en\/institutional\/association-employees\/"]}]},{"@type":"BreadcrumbList","@id":"https:\/\/memeder.org\/en\/institutional\/association-employees\/#breadcrumb","itemListElement":[{"@type":"ListItem","position":1,"name":"Anasayfa","item":"https:\/\/memeder.org\/en\/"},{"@type":"ListItem","position":2,"name":"Association Employees"}]},{"@type":"WebSite","@id":"https:\/\/memeder.org\/en\/#website","url":"https:\/\/memeder.org\/en\/","name":"Memeder Sa\u011fl\u0131\u011f\u0131 Derne\u011fi","description":"","publisher":{"@id":"https:\/\/memeder.org\/en\/#organization"},"potentialAction":[{"@type":"SearchAction","target":{"@type":"EntryPoint","urlTemplate":"https:\/\/memeder.org\/en\/?s={search_term_string}"},"query-input":{"@type":"PropertyValueSpecification","valueRequired":true,"valueName":"search_term_string"}}],"inLanguage":"en-US"},{"@type":"Organization","@id":"https:\/\/memeder.org\/en\/#organization","name":"Memeder Sa\u011fl\u0131\u011f\u0131 Derne\u011fi","url":"https:\/\/memeder.org\/en\/","logo":{"@type":"ImageObject","inLanguage":"en-US","@id":"https:\/\/memeder.org\/en\/#\/schema\/logo\/image\/","url":"https:\/\/memeder.org\/wp-content\/uploads\/memeder-og-logo.jpg","contentUrl":"https:\/\/memeder.org\/wp-content\/uploads\/memeder-og-logo.jpg","width":1200,"height":636,"caption":"Memeder Sa\u011fl\u0131\u011f\u0131 Derne\u011fi"},"image":{"@id":"https:\/\/memeder.org\/en\/#\/schema\/logo\/image\/"},"sameAs":["https:\/\/www.facebook.com\/memesagliginelinde","https:\/\/x.com\/memeder","https:\/\/www.instagram.com\/memeder\/","https:\/\/www.youtube.com\/channel\/UCedFOX-EWymQyXqYuVcuYQQ"]}]}},"_links":{"self":[{"href":"https:\/\/memeder.org\/en\/wp-json\/wp\/v2\/pages\/8303","targetHints":{"allow":["GET"]}}],"collection":[{"href":"https:\/\/memeder.org\/en\/wp-json\/wp\/v2\/pages"}],"about":[{"href":"https:\/\/memeder.org\/en\/wp-json\/wp\/v2\/types\/page"}],"author":[{"embeddable":true,"href":"https:\/\/memeder.org\/en\/wp-json\/wp\/v2\/users\/2"}],"replies":[{"embeddable":true,"href":"https:\/\/memeder.org\/en\/wp-json\/wp\/v2\/comments?post=8303"}],"version-history":[{"count":4,"href":"https:\/\/memeder.org\/en\/wp-json\/wp\/v2\/pages\/8303\/revisions"}],"predecessor-version":[{"id":8307,"href":"https:\/\/memeder.org\/en\/wp-json\/wp\/v2\/pages\/8303\/revisions\/8307"}],"up":[{"embeddable":true,"href":"https:\/\/memeder.org\/en\/wp-json\/wp\/v2\/pages\/8293"}],"wp:attachment":[{"href":"https:\/\/memeder.org\/en\/wp-json\/wp\/v2\/media?parent=8303"}],"curies":[{"name":"wp","href":"https:\/\/api.w.org\/{rel}","templated":true}]}}