{"id":8274,"date":"2021-11-22T09:48:28","date_gmt":"2021-11-22T09:48:28","guid":{"rendered":"https:\/\/memeder.org\/iletisim\/"},"modified":"2026-02-11T10:47:48","modified_gmt":"2026-02-11T10:47:48","slug":"contact","status":"publish","type":"page","link":"https:\/\/memeder.org\/en\/contact\/","title":{"rendered":"Contact"},"content":{"rendered":"\t\t<div data-elementor-type=\"wp-page\" data-elementor-id=\"8274\" class=\"elementor elementor-8274 elementor-1330\">\n\t\t\t\t\t\t<section class=\"elementor-section elementor-top-section elementor-element elementor-element-4cfab0c elementor-section-boxed elementor-section-height-default elementor-section-height-default\" data-id=\"4cfab0c\" data-element_type=\"section\" data-e-type=\"section\">\n\t\t\t\t\t\t<div class=\"elementor-container elementor-column-gap-default\">\n\t\t\t\t\t<div class=\"elementor-column elementor-col-100 elementor-top-column elementor-element elementor-element-9c2c042\" data-id=\"9c2c042\" data-element_type=\"column\" data-e-type=\"column\">\n\t\t\t<div class=\"elementor-widget-wrap elementor-element-populated\">\n\t\t\t\t\t\t<div class=\"elementor-element elementor-element-dab3071 elementor-widget elementor-widget-spacer\" data-id=\"dab3071\" data-element_type=\"widget\" data-e-type=\"widget\" data-widget_type=\"spacer.default\">\n\t\t\t\t\t\t\t<div class=\"elementor-spacer\">\n\t\t\t<div class=\"elementor-spacer-inner\"><\/div>\n\t\t<\/div>\n\t\t\t\t\t\t<\/div>\n\t\t\t\t<div class=\"elementor-element elementor-element-b3d6c2c elementor-widget elementor-widget-google_maps\" data-id=\"b3d6c2c\" data-element_type=\"widget\" data-e-type=\"widget\" data-widget_type=\"google_maps.default\">\n\t\t\t\t\t\t\t<div class=\"elementor-custom-embed\">\n\t\t\t<iframe loading=\"lazy\"\n\t\t\t\t\tsrc=\"https:\/\/maps.google.com\/maps?q=41.0623%2C28.6847&#038;t=m&#038;z=14&#038;output=embed&#038;iwloc=near\"\n\t\t\t\t\ttitle=\"41.0623,28.6847\"\n\t\t\t\t\taria-label=\"41.0623,28.6847\"\n\t\t\t><\/iframe>\n\t\t<\/div>\n\t\t\t\t\t\t<\/div>\n\t\t\t\t<div class=\"elementor-element elementor-element-bc203d4 yonetim-kurulu-baslik-space elementor-widget elementor-widget-spacer\" data-id=\"bc203d4\" data-element_type=\"widget\" data-e-type=\"widget\" data-widget_type=\"spacer.default\">\n\t\t\t\t\t\t\t<div class=\"elementor-spacer\">\n\t\t\t<div class=\"elementor-spacer-inner\"><\/div>\n\t\t<\/div>\n\t\t\t\t\t\t<\/div>\n\t\t\t\t\t<\/div>\n\t\t<\/div>\n\t\t\t\t\t<\/div>\n\t\t<\/section>\n\t\t\t\t<section class=\"elementor-section elementor-top-section elementor-element elementor-element-758bbb9 elementor-section-boxed elementor-section-height-default elementor-section-height-default\" data-id=\"758bbb9\" data-element_type=\"section\" data-e-type=\"section\">\n\t\t\t\t\t\t<div class=\"elementor-container elementor-column-gap-default\">\n\t\t\t\t\t<div class=\"elementor-column elementor-col-50 elementor-top-column elementor-element elementor-element-5e95cc0\" data-id=\"5e95cc0\" data-element_type=\"column\" data-e-type=\"column\">\n\t\t\t<div class=\"elementor-widget-wrap elementor-element-populated\">\n\t\t\t\t\t\t<div class=\"elementor-element elementor-element-18e25a0 elementor-widget elementor-widget-heading\" data-id=\"18e25a0\" data-element_type=\"widget\" data-e-type=\"widget\" data-widget_type=\"heading.default\">\n\t\t\t\t\t<h2 class=\"elementor-heading-title elementor-size-default\">Contact Information<span style=\", sans-serif;font-size: 30px;font-weight: 600;letter-spacing: normal;text-transform: none\"><\/span><\/h2>\t\t\t\t<\/div>\n\t\t\t\t<div class=\"elementor-element elementor-element-cd940af elementor-widget elementor-widget-spacer\" data-id=\"cd940af\" data-element_type=\"widget\" data-e-type=\"widget\" data-widget_type=\"spacer.default\">\n\t\t\t\t\t\t\t<div class=\"elementor-spacer\">\n\t\t\t<div class=\"elementor-spacer-inner\"><\/div>\n\t\t<\/div>\n\t\t\t\t\t\t<\/div>\n\t\t\t\t<div class=\"elementor-element elementor-element-4591e6f a-tabletleft elementor-widget__width-initial aleft elementor-widget-icon-box wgl-icon-box elementor-view-default elementor-widget elementor-widget-wgl-info-box\" data-id=\"4591e6f\" data-element_type=\"widget\" data-e-type=\"widget\" data-widget_type=\"wgl-info-box.default\">\n\t\t\t\t<div class=\"elementor-widget-container\">\n\t\t\t\t\t<div class=\"wgl-infobox\"><a class=\"wgl-infobox__link\" href=\"https:\/\/www.google.com\/maps\/place\/27+Division+St,+New+York,+NY+10002,+USA\" target=\"_blank\"><\/a><div class=\"wgl-infobox_wrapper wgl-layout-left\"><div class=\"media-wrapper icon-wrapper\"><span class=\"wgl-icon\" ><i class=\"icon elementor-icon flaticon flaticon-placeholder\" aria-hidden=\"true\"><\/i><\/span><\/div><div class=\"content_wrapper\"><div class=\"wgl-infobox-title_wrapper\"><h3 class=\"wgl-infobox_title\"><span class=\"wgl-infobox_title-idle\">Address<\/span><\/h3><\/div><div class=\"wgl-infobox_content\"><p>Bah\u00e7e\u015fehir Geli\u015fim Akademisi Binas\u0131 Bodrum Kat No:1 34538 Bah\u00e7e\u015fehir Ba\u015fak\u015fehir\/\u0130stanbul<\/p><\/div><\/div><\/div><\/div>\t\t\t\t<\/div>\n\t\t\t\t<\/div>\n\t\t\t\t<div class=\"elementor-element elementor-element-81f13f9 elementor-widget elementor-widget-spacer\" data-id=\"81f13f9\" data-element_type=\"widget\" data-e-type=\"widget\" data-widget_type=\"spacer.default\">\n\t\t\t\t\t\t\t<div class=\"elementor-spacer\">\n\t\t\t<div class=\"elementor-spacer-inner\"><\/div>\n\t\t<\/div>\n\t\t\t\t\t\t<\/div>\n\t\t\t\t<div class=\"elementor-element elementor-element-d504f4b a-tabletleft elementor-widget__width-initial aleft elementor-widget-icon-box wgl-icon-box elementor-view-default elementor-widget elementor-widget-wgl-info-box\" data-id=\"d504f4b\" data-element_type=\"widget\" data-e-type=\"widget\" data-widget_type=\"wgl-info-box.default\">\n\t\t\t\t<div class=\"elementor-widget-container\">\n\t\t\t\t\t<div class=\"wgl-infobox\"><a class=\"wgl-infobox__link\" href=\"tel:+905302306990\"><\/a><div class=\"wgl-infobox_wrapper wgl-layout-left\"><div class=\"media-wrapper icon-wrapper\"><span class=\"wgl-icon\" ><i class=\"icon elementor-icon flaticon flaticon-telephone\" aria-hidden=\"true\"><\/i><\/span><\/div><div class=\"content_wrapper\"><div class=\"wgl-infobox-title_wrapper\"><h3 class=\"wgl-infobox_title\"><span class=\"wgl-infobox_title-idle\">Phone Number<\/span><\/h3><\/div><div class=\"wgl-infobox_content\"><p><span>+90 530 230 69 90<\/span><\/p><\/div><\/div><\/div><\/div>\t\t\t\t<\/div>\n\t\t\t\t<\/div>\n\t\t\t\t<div class=\"elementor-element elementor-element-a1b1e45 elementor-widget elementor-widget-spacer\" data-id=\"a1b1e45\" data-element_type=\"widget\" data-e-type=\"widget\" data-widget_type=\"spacer.default\">\n\t\t\t\t\t\t\t<div class=\"elementor-spacer\">\n\t\t\t<div class=\"elementor-spacer-inner\"><\/div>\n\t\t<\/div>\n\t\t\t\t\t\t<\/div>\n\t\t\t\t<div class=\"elementor-element elementor-element-8bf6ebb a-tabletleft elementor-widget__width-initial aleft elementor-widget-icon-box wgl-icon-box elementor-view-default elementor-widget elementor-widget-wgl-info-box\" data-id=\"8bf6ebb\" data-element_type=\"widget\" data-e-type=\"widget\" data-widget_type=\"wgl-info-box.default\">\n\t\t\t\t<div class=\"elementor-widget-container\">\n\t\t\t\t\t<div class=\"wgl-infobox\"><a class=\"wgl-infobox__link\" href=\"mailto:info@memeder.org\"><\/a><div class=\"wgl-infobox_wrapper wgl-layout-left\"><div class=\"media-wrapper icon-wrapper\"><span class=\"wgl-icon\" ><i class=\"icon elementor-icon flaticon flaticon-at\" aria-hidden=\"true\"><\/i><\/span><\/div><div class=\"content_wrapper\"><div class=\"wgl-infobox-title_wrapper\"><h3 class=\"wgl-infobox_title\"><span class=\"wgl-infobox_title-idle\">Mail Address<\/span><\/h3><\/div><div class=\"wgl-infobox_content\"><p>info@memeder.org<\/p><\/div><\/div><\/div><\/div>\t\t\t\t<\/div>\n\t\t\t\t<\/div>\n\t\t\t\t<div class=\"elementor-element elementor-element-a7bb4ab elementor-shape-circle elementor-widget elementor-widget-wgl-social-icons\" data-id=\"a7bb4ab\" data-element_type=\"widget\" data-e-type=\"widget\" data-widget_type=\"wgl-social-icons.default\">\n\t\t\t\t<div class=\"elementor-widget-container\">\n\t\t\t\t\t<div class=\"wgl-social-icons elementor-social-icons-wrapper\"><a class=\"elementor-icon elementor-social-icon elementor-social-icon-facebook-f elementor-repeater-item-ce76322\" href=\"https:\/\/www.facebook.com\/memesagliginelinde\" target=\"_blank\" title=\"Facebook\"><span class=\"elementor-screen-only\">Facebook-f<\/span><svg class=\"e-font-icon-svg e-fab-facebook-f\" viewBox=\"0 0 320 512\" xmlns=\"http:\/\/www.w3.org\/2000\/svg\"><path d=\"M279.14 288l14.22-92.66h-88.91v-60.13c0-25.35 12.42-50.06 52.24-50.06h40.42V6.26S260.43 0 225.36 0c-73.22 0-121.08 44.38-121.08 124.72v70.62H22.89V288h81.39v224h100.17V288z\"><\/path><\/svg><\/a><a class=\"elementor-icon elementor-social-icon elementor-social-icon-x-twitter elementor-repeater-item-795ee40\" href=\"https:\/\/x.com\/memeder\" target=\"_blank\" title=\"X\"><span class=\"elementor-screen-only\">X-twitter<\/span><svg class=\"e-font-icon-svg e-fab-x-twitter\" viewBox=\"0 0 512 512\" xmlns=\"http:\/\/www.w3.org\/2000\/svg\"><path d=\"M389.2 48h70.6L305.6 224.2 487 464H345L233.7 318.6 106.5 464H35.8L200.7 275.5 26.8 48H172.4L272.9 180.9 389.2 48zM364.4 421.8h39.1L151.1 88h-42L364.4 421.8z\"><\/path><\/svg><\/a><a class=\"elementor-icon elementor-social-icon elementor-social-icon-instagram elementor-repeater-item-f38f619\" href=\"https:\/\/www.instagram.com\/memeder\/\" target=\"_blank\" title=\"Instagram\"><span class=\"elementor-screen-only\">Instagram<\/span><svg class=\"e-font-icon-svg e-fab-instagram\" viewBox=\"0 0 448 512\" xmlns=\"http:\/\/www.w3.org\/2000\/svg\"><path d=\"M224.1 141c-63.6 0-114.9 51.3-114.9 114.9s51.3 114.9 114.9 114.9S339 319.5 339 255.9 287.7 141 224.1 141zm0 189.6c-41.1 0-74.7-33.5-74.7-74.7s33.5-74.7 74.7-74.7 74.7 33.5 74.7 74.7-33.6 74.7-74.7 74.7zm146.4-194.3c0 14.9-12 26.8-26.8 26.8-14.9 0-26.8-12-26.8-26.8s12-26.8 26.8-26.8 26.8 12 26.8 26.8zm76.1 27.2c-1.7-35.9-9.9-67.7-36.2-93.9-26.2-26.2-58-34.4-93.9-36.2-37-2.1-147.9-2.1-184.9 0-35.8 1.7-67.6 9.9-93.9 36.1s-34.4 58-36.2 93.9c-2.1 37-2.1 147.9 0 184.9 1.7 35.9 9.9 67.7 36.2 93.9s58 34.4 93.9 36.2c37 2.1 147.9 2.1 184.9 0 35.9-1.7 67.7-9.9 93.9-36.2 26.2-26.2 34.4-58 36.2-93.9 2.1-37 2.1-147.8 0-184.8zM398.8 388c-7.8 19.6-22.9 34.7-42.6 42.6-29.5 11.7-99.5 9-132.1 9s-102.7 2.6-132.1-9c-19.6-7.8-34.7-22.9-42.6-42.6-11.7-29.5-9-99.5-9-132.1s-2.6-102.7 9-132.1c7.8-19.6 22.9-34.7 42.6-42.6 29.5-11.7 99.5-9 132.1-9s102.7-2.6 132.1 9c19.6 7.8 34.7 22.9 42.6 42.6 11.7 29.5 9 99.5 9 132.1s2.7 102.7-9 132.1z\"><\/path><\/svg><\/a><a class=\"elementor-icon elementor-social-icon elementor-social-icon-youtube elementor-repeater-item-f0220e8\" href=\"https:\/\/www.youtube.com\/channel\/UCedFOX-EWymQyXqYuVcuYQQ\" target=\"_blank\" title=\"YouTube\"><span class=\"elementor-screen-only\">Youtube<\/span><svg class=\"e-font-icon-svg e-fab-youtube\" viewBox=\"0 0 576 512\" xmlns=\"http:\/\/www.w3.org\/2000\/svg\"><path d=\"M549.655 124.083c-6.281-23.65-24.787-42.276-48.284-48.597C458.781 64 288 64 288 64S117.22 64 74.629 75.486c-23.497 6.322-42.003 24.947-48.284 48.597-11.412 42.867-11.412 132.305-11.412 132.305s0 89.438 11.412 132.305c6.281 23.65 24.787 41.5 48.284 47.821C117.22 448 288 448 288 448s170.78 0 213.371-11.486c23.497-6.321 42.003-24.171 48.284-47.821 11.412-42.867 11.412-132.305 11.412-132.305s0-89.438-11.412-132.305zm-317.51 213.508V175.185l142.739 81.205-142.739 81.201z\"><\/path><\/svg><\/a><\/div>\t\t\t\t<\/div>\n\t\t\t\t<\/div>\n\t\t\t\t<div class=\"elementor-element elementor-element-0c70eaa yonetim-kurulu-baslik-space elementor-widget elementor-widget-spacer\" data-id=\"0c70eaa\" data-element_type=\"widget\" data-e-type=\"widget\" data-widget_type=\"spacer.default\">\n\t\t\t\t\t\t\t<div class=\"elementor-spacer\">\n\t\t\t<div class=\"elementor-spacer-inner\"><\/div>\n\t\t<\/div>\n\t\t\t\t\t\t<\/div>\n\t\t\t\t\t<\/div>\n\t\t<\/div>\n\t\t\t\t<div class=\"elementor-column elementor-col-50 elementor-top-column elementor-element elementor-element-45d030d\" data-id=\"45d030d\" data-element_type=\"column\" data-e-type=\"column\">\n\t\t\t<div class=\"elementor-widget-wrap elementor-element-populated\">\n\t\t\t\t\t\t<div class=\"elementor-element elementor-element-806efdf elementor-widget elementor-widget-heading\" data-id=\"806efdf\" data-element_type=\"widget\" data-e-type=\"widget\" data-widget_type=\"heading.default\">\n\t\t\t\t\t<h2 class=\"elementor-heading-title elementor-size-default\">Contact Us<\/h2>\t\t\t\t<\/div>\n\t\t\t\t<div class=\"elementor-element elementor-element-686bc26 elementor-widget elementor-widget-spacer\" data-id=\"686bc26\" data-element_type=\"widget\" data-e-type=\"widget\" data-widget_type=\"spacer.default\">\n\t\t\t\t\t\t\t<div class=\"elementor-spacer\">\n\t\t\t<div class=\"elementor-spacer-inner\"><\/div>\n\t\t<\/div>\n\t\t\t\t\t\t<\/div>\n\t\t\t\t<div class=\"elementor-element elementor-element-838d1b9 contact-form aleft elementor-widget elementor-widget-wgl-contact-form-7\" data-id=\"838d1b9\" data-element_type=\"widget\" data-e-type=\"widget\" data-widget_type=\"wgl-contact-form-7.default\">\n\t\t\t\t<div class=\"elementor-widget-container\">\n\t\t\t\t\t<div class=\"wgl-contact-form-7\">\n<div class=\"wpcf7 no-js\" id=\"wpcf7-f8844-o1\" lang=\"tr-TR\" dir=\"ltr\" data-wpcf7-id=\"8844\">\n<div class=\"screen-reader-response\"><p role=\"status\" aria-live=\"polite\" aria-atomic=\"true\"><\/p> <ul><\/ul><\/div>\n<form action=\"\/en\/wp-json\/wp\/v2\/pages\/8274#wpcf7-f8844-o1\" method=\"post\" class=\"wpcf7-form init\" aria-label=\"Contact form\" novalidate=\"novalidate\" data-status=\"init\">\n<fieldset class=\"hidden-fields-container\"><input type=\"hidden\" name=\"_wpcf7\" value=\"8844\" \/><input type=\"hidden\" name=\"_wpcf7_version\" value=\"6.1.5\" \/><input type=\"hidden\" name=\"_wpcf7_locale\" value=\"tr_TR\" \/><input type=\"hidden\" name=\"_wpcf7_unit_tag\" value=\"wpcf7-f8844-o1\" \/><input type=\"hidden\" name=\"_wpcf7_container_post\" value=\"0\" \/><input type=\"hidden\" name=\"_wpcf7_posted_data_hash\" value=\"\" \/>\n<\/fieldset>\n<div class='row'>\n<div class='wgl_col-6'>\n<span class=\"wpcf7-form-control-wrap\" data-name=\"label-name\"><input size=\"40\" maxlength=\"400\" class=\"wpcf7-form-control wpcf7-text wpcf7-validates-as-required\" aria-required=\"true\" aria-invalid=\"false\" placeholder=\"Name *\" value=\"\" type=\"text\" name=\"label-name\" \/><\/span>\n<\/div>\n<div class='wgl_col-6'>\n<span class=\"wpcf7-form-control-wrap\" data-name=\"label-surname\"><input size=\"40\" maxlength=\"400\" class=\"wpcf7-form-control wpcf7-text wpcf7-validates-as-required\" aria-required=\"true\" aria-invalid=\"false\" placeholder=\"Surname *\" value=\"\" type=\"text\" name=\"label-surname\" \/><\/span>\n<\/div>\n<div class='wgl_col-12'>\n<span class=\"wpcf7-form-control-wrap\" data-name=\"label-mail\"><input size=\"40\" maxlength=\"400\" class=\"wpcf7-form-control wpcf7-email wpcf7-validates-as-required wpcf7-text wpcf7-validates-as-email\" aria-required=\"true\" aria-invalid=\"false\" placeholder=\"Mail Address\" value=\"\" type=\"email\" name=\"label-mail\" \/><\/span>\n<\/div>\n<div class='wgl_col-12'>\n<span class=\"wpcf7-form-control-wrap\" data-name=\"label-textarea\"><textarea cols=\"40\" rows=\"10\" maxlength=\"2000\" class=\"wpcf7-form-control wpcf7-textarea\" aria-invalid=\"false\" placeholder=\"Message\" name=\"label-textarea\"><\/textarea><\/span>\n<\/div>\n<div class='wgl_col-12'>\n<span class=\"wpcf7-form-control-wrap\" data-name=\"privacy-policy\"><span class=\"wpcf7-form-control wpcf7-acceptance\"><span class=\"wpcf7-list-item\"><label><input type=\"checkbox\" name=\"privacy-policy\" value=\"1\" aria-invalid=\"false\" \/><span class=\"wpcf7-list-item-label\">I have read and accept the <a href=\"\"# target=\"_blank\">Privacy Policy<\/a>.<\/span><\/label><\/span><\/span><\/span>\n<input class=\"wpcf7-form-control wpcf7-submit has-spinner\" type=\"submit\" value=\"Submit\" \/>\n<\/div>\n<\/div><div class=\"wpcf7-response-output\" aria-hidden=\"true\"><\/div>\n<\/form>\n<\/div>\n<\/div>\t\t\t\t<\/div>\n\t\t\t\t<\/div>\n\t\t\t\t\t<\/div>\n\t\t<\/div>\n\t\t\t\t\t<\/div>\n\t\t<\/section>\n\t\t\t\t<section class=\"elementor-section elementor-top-section elementor-element elementor-element-17269bb elementor-section-boxed elementor-section-height-default elementor-section-height-default\" data-id=\"17269bb\" data-element_type=\"section\" data-e-type=\"section\">\n\t\t\t\t\t\t<div class=\"elementor-container elementor-column-gap-default\">\n\t\t\t\t\t<div class=\"elementor-column elementor-col-100 elementor-top-column elementor-element elementor-element-7d64987\" data-id=\"7d64987\" data-element_type=\"column\" data-e-type=\"column\">\n\t\t\t<div class=\"elementor-widget-wrap elementor-element-populated\">\n\t\t\t\t\t\t<div class=\"elementor-element elementor-element-d703f77 elementor-widget elementor-widget-spacer\" data-id=\"d703f77\" data-element_type=\"widget\" data-e-type=\"widget\" data-widget_type=\"spacer.default\">\n\t\t\t\t\t\t\t<div class=\"elementor-spacer\">\n\t\t\t<div class=\"elementor-spacer-inner\"><\/div>\n\t\t<\/div>\n\t\t\t\t\t\t<\/div>\n\t\t\t\t\t<\/div>\n\t\t<\/div>\n\t\t\t\t\t<\/div>\n\t\t<\/section>\n\t\t\t\t<\/div>\n\t\t","protected":false},"excerpt":{"rendered":"<p>Contact Information Address Bah\u00e7e\u015fehir Geli\u015fim Akademisi Binas\u0131 Bodrum Kat No:1 34538 Bah\u00e7e\u015fehir Ba\u015fak\u015fehir\/\u0130stanbul Phone Number +90 530 230 69 90 Mail Address info@memeder.org Facebook-fX-twitterInstagramYoutube Contact Us I have read and accept the Privacy Policy.<\/p>\n","protected":false},"author":2,"featured_media":0,"parent":0,"menu_order":0,"comment_status":"closed","ping_status":"closed","template":"","meta":{"footnotes":""},"class_list":["post-8274","page","type-page","status-publish","hentry"],"yoast_head":"<!-- This site is optimized with the Yoast SEO plugin v26.8 - https:\/\/yoast.com\/product\/yoast-seo-wordpress\/ -->\n<title>Contact - Memeder Sa\u011fl\u0131\u011f\u0131 Derne\u011fi<\/title>\n<meta name=\"description\" content=\"On this page, you can find information about MEMEDER&#039;s self-breast examination process, how to perform it, and contact details, including email, phone, and social media links for questions and support. You can also learn about breast health tips such as what to look out for.\" \/>\n<meta name=\"robots\" content=\"index, follow, max-snippet:-1, max-image-preview:large, max-video-preview:-1\" \/>\n<link rel=\"canonical\" href=\"https:\/\/memeder.org\/en\/contact\/\" \/>\n<meta property=\"og:locale\" content=\"en_US\" \/>\n<meta property=\"og:type\" content=\"article\" \/>\n<meta property=\"og:title\" content=\"Contact - Memeder Sa\u011fl\u0131\u011f\u0131 Derne\u011fi\" \/>\n<meta property=\"og:description\" content=\"On this page, you can find information about MEMEDER&#039;s self-breast examination process, how to perform it, and contact details, including email, phone, and social media links for questions and support. You can also learn about breast health tips such as what to look out for.\" \/>\n<meta property=\"og:url\" content=\"https:\/\/memeder.org\/en\/contact\/\" \/>\n<meta property=\"og:site_name\" content=\"Memeder Sa\u011fl\u0131\u011f\u0131 Derne\u011fi\" \/>\n<meta property=\"article:publisher\" content=\"https:\/\/www.facebook.com\/memesagliginelinde\" \/>\n<meta property=\"article:modified_time\" content=\"2026-02-11T10:47:48+00:00\" \/>\n<meta name=\"twitter:card\" content=\"summary_large_image\" \/>\n<meta name=\"twitter:site\" content=\"@memeder\" \/>\n<meta name=\"twitter:label1\" content=\"Est. reading time\" \/>\n\t<meta name=\"twitter:data1\" content=\"1 minute\" \/>\n<script type=\"application\/ld+json\" class=\"yoast-schema-graph\">{\"@context\":\"https:\/\/schema.org\",\"@graph\":[{\"@type\":\"WebPage\",\"@id\":\"https:\/\/memeder.org\/en\/contact\/\",\"url\":\"https:\/\/memeder.org\/en\/contact\/\",\"name\":\"Contact - Memeder Sa\u011fl\u0131\u011f\u0131 Derne\u011fi\",\"isPartOf\":{\"@id\":\"https:\/\/memeder.org\/en\/#website\"},\"datePublished\":\"2021-11-22T09:48:28+00:00\",\"dateModified\":\"2026-02-11T10:47:48+00:00\",\"description\":\"On this page, you can find information about MEMEDER's self-breast examination process, how to perform it, and contact details, including email, phone, and social media links for questions and support. You can also learn about breast health tips such as what to look out for.\",\"breadcrumb\":{\"@id\":\"https:\/\/memeder.org\/en\/contact\/#breadcrumb\"},\"inLanguage\":\"en-US\",\"potentialAction\":[{\"@type\":\"ReadAction\",\"target\":[\"https:\/\/memeder.org\/en\/contact\/\"]}]},{\"@type\":\"BreadcrumbList\",\"@id\":\"https:\/\/memeder.org\/en\/contact\/#breadcrumb\",\"itemListElement\":[{\"@type\":\"ListItem\",\"position\":1,\"name\":\"Anasayfa\",\"item\":\"https:\/\/memeder.org\/en\/\"},{\"@type\":\"ListItem\",\"position\":2,\"name\":\"Contact\"}]},{\"@type\":\"WebSite\",\"@id\":\"https:\/\/memeder.org\/en\/#website\",\"url\":\"https:\/\/memeder.org\/en\/\",\"name\":\"Memeder Sa\u011fl\u0131\u011f\u0131 Derne\u011fi\",\"description\":\"\",\"publisher\":{\"@id\":\"https:\/\/memeder.org\/en\/#organization\"},\"potentialAction\":[{\"@type\":\"SearchAction\",\"target\":{\"@type\":\"EntryPoint\",\"urlTemplate\":\"https:\/\/memeder.org\/en\/?s={search_term_string}\"},\"query-input\":{\"@type\":\"PropertyValueSpecification\",\"valueRequired\":true,\"valueName\":\"search_term_string\"}}],\"inLanguage\":\"en-US\"},{\"@type\":\"Organization\",\"@id\":\"https:\/\/memeder.org\/en\/#organization\",\"name\":\"Memeder Sa\u011fl\u0131\u011f\u0131 Derne\u011fi\",\"url\":\"https:\/\/memeder.org\/en\/\",\"logo\":{\"@type\":\"ImageObject\",\"inLanguage\":\"en-US\",\"@id\":\"https:\/\/memeder.org\/en\/#\/schema\/logo\/image\/\",\"url\":\"https:\/\/memeder.org\/wp-content\/uploads\/memeder-og-logo.jpg\",\"contentUrl\":\"https:\/\/memeder.org\/wp-content\/uploads\/memeder-og-logo.jpg\",\"width\":1200,\"height\":636,\"caption\":\"Memeder Sa\u011fl\u0131\u011f\u0131 Derne\u011fi\"},\"image\":{\"@id\":\"https:\/\/memeder.org\/en\/#\/schema\/logo\/image\/\"},\"sameAs\":[\"https:\/\/www.facebook.com\/memesagliginelinde\",\"https:\/\/x.com\/memeder\",\"https:\/\/www.instagram.com\/memeder\/\",\"https:\/\/www.youtube.com\/channel\/UCedFOX-EWymQyXqYuVcuYQQ\"]}]}<\/script>\n<!-- \/ Yoast SEO plugin. -->","yoast_head_json":{"title":"Contact - Memeder Sa\u011fl\u0131\u011f\u0131 Derne\u011fi","description":"On this page, you can find information about MEMEDER's self-breast examination process, how to perform it, and contact details, including email, phone, and social media links for questions and support. You can also learn about breast health tips such as what to look out for.","robots":{"index":"index","follow":"follow","max-snippet":"max-snippet:-1","max-image-preview":"max-image-preview:large","max-video-preview":"max-video-preview:-1"},"canonical":"https:\/\/memeder.org\/en\/contact\/","og_locale":"en_US","og_type":"article","og_title":"Contact - Memeder Sa\u011fl\u0131\u011f\u0131 Derne\u011fi","og_description":"On this page, you can find information about MEMEDER's self-breast examination process, how to perform it, and contact details, including email, phone, and social media links for questions and support. You can also learn about breast health tips such as what to look out for.","og_url":"https:\/\/memeder.org\/en\/contact\/","og_site_name":"Memeder Sa\u011fl\u0131\u011f\u0131 Derne\u011fi","article_publisher":"https:\/\/www.facebook.com\/memesagliginelinde","article_modified_time":"2026-02-11T10:47:48+00:00","twitter_card":"summary_large_image","twitter_site":"@memeder","twitter_misc":{"Est. reading time":"1 minute"},"schema":{"@context":"https:\/\/schema.org","@graph":[{"@type":"WebPage","@id":"https:\/\/memeder.org\/en\/contact\/","url":"https:\/\/memeder.org\/en\/contact\/","name":"Contact - Memeder Sa\u011fl\u0131\u011f\u0131 Derne\u011fi","isPartOf":{"@id":"https:\/\/memeder.org\/en\/#website"},"datePublished":"2021-11-22T09:48:28+00:00","dateModified":"2026-02-11T10:47:48+00:00","description":"On this page, you can find information about MEMEDER's self-breast examination process, how to perform it, and contact details, including email, phone, and social media links for questions and support. You can also learn about breast health tips such as what to look out for.","breadcrumb":{"@id":"https:\/\/memeder.org\/en\/contact\/#breadcrumb"},"inLanguage":"en-US","potentialAction":[{"@type":"ReadAction","target":["https:\/\/memeder.org\/en\/contact\/"]}]},{"@type":"BreadcrumbList","@id":"https:\/\/memeder.org\/en\/contact\/#breadcrumb","itemListElement":[{"@type":"ListItem","position":1,"name":"Anasayfa","item":"https:\/\/memeder.org\/en\/"},{"@type":"ListItem","position":2,"name":"Contact"}]},{"@type":"WebSite","@id":"https:\/\/memeder.org\/en\/#website","url":"https:\/\/memeder.org\/en\/","name":"Memeder Sa\u011fl\u0131\u011f\u0131 Derne\u011fi","description":"","publisher":{"@id":"https:\/\/memeder.org\/en\/#organization"},"potentialAction":[{"@type":"SearchAction","target":{"@type":"EntryPoint","urlTemplate":"https:\/\/memeder.org\/en\/?s={search_term_string}"},"query-input":{"@type":"PropertyValueSpecification","valueRequired":true,"valueName":"search_term_string"}}],"inLanguage":"en-US"},{"@type":"Organization","@id":"https:\/\/memeder.org\/en\/#organization","name":"Memeder Sa\u011fl\u0131\u011f\u0131 Derne\u011fi","url":"https:\/\/memeder.org\/en\/","logo":{"@type":"ImageObject","inLanguage":"en-US","@id":"https:\/\/memeder.org\/en\/#\/schema\/logo\/image\/","url":"https:\/\/memeder.org\/wp-content\/uploads\/memeder-og-logo.jpg","contentUrl":"https:\/\/memeder.org\/wp-content\/uploads\/memeder-og-logo.jpg","width":1200,"height":636,"caption":"Memeder Sa\u011fl\u0131\u011f\u0131 Derne\u011fi"},"image":{"@id":"https:\/\/memeder.org\/en\/#\/schema\/logo\/image\/"},"sameAs":["https:\/\/www.facebook.com\/memesagliginelinde","https:\/\/x.com\/memeder","https:\/\/www.instagram.com\/memeder\/","https:\/\/www.youtube.com\/channel\/UCedFOX-EWymQyXqYuVcuYQQ"]}]}},"_links":{"self":[{"href":"https:\/\/memeder.org\/en\/wp-json\/wp\/v2\/pages\/8274","targetHints":{"allow":["GET"]}}],"collection":[{"href":"https:\/\/memeder.org\/en\/wp-json\/wp\/v2\/pages"}],"about":[{"href":"https:\/\/memeder.org\/en\/wp-json\/wp\/v2\/types\/page"}],"author":[{"embeddable":true,"href":"https:\/\/memeder.org\/en\/wp-json\/wp\/v2\/users\/2"}],"replies":[{"embeddable":true,"href":"https:\/\/memeder.org\/en\/wp-json\/wp\/v2\/comments?post=8274"}],"version-history":[{"count":12,"href":"https:\/\/memeder.org\/en\/wp-json\/wp\/v2\/pages\/8274\/revisions"}],"predecessor-version":[{"id":8860,"href":"https:\/\/memeder.org\/en\/wp-json\/wp\/v2\/pages\/8274\/revisions\/8860"}],"wp:attachment":[{"href":"https:\/\/memeder.org\/en\/wp-json\/wp\/v2\/media?parent=8274"}],"curies":[{"name":"wp","href":"https:\/\/api.w.org\/{rel}","templated":true}]}}